{"id":3698,"date":"2025-10-16T18:58:07","date_gmt":"2025-10-16T15:58:07","guid":{"rendered":"https:\/\/restmodules.lt\/?page_id=3698"},"modified":"2025-10-16T18:58:19","modified_gmt":"2025-10-16T15:58:19","slug":"konstrukcija","status":"publish","type":"page","link":"https:\/\/restmodules.lt\/en\/konstrukcija\/","title":{"rendered":"Construction"},"content":{"rendered":"<div data-elementor-type=\"wp-page\" data-elementor-id=\"3698\" class=\"elementor elementor-3698\" data-elementor-post-type=\"page\">\n\t\t\t\t<div class=\"elementor-element elementor-element-84d9abf e-flex e-con-boxed e-con e-parent\" data-id=\"84d9abf\" data-element_type=\"container\" data-e-type=\"container\" data-settings=\"{&quot;background_background&quot;:&quot;classic&quot;}\">\n\t\t\t\t\t<div class=\"e-con-inner\">\n\t\t\t\t<div class=\"elementor-element elementor-element-77428e9 elementor-widget elementor-widget-heading\" data-id=\"77428e9\" data-element_type=\"widget\" data-e-type=\"widget\" data-widget_type=\"heading.default\">\n\t\t\t\t\t<h1 class=\"elementor-heading-title elementor-size-default\">Construction<\/h1>\t\t\t\t<\/div>\n\t\t\t\t\t<\/div>\n\t\t\t\t<\/div>\n\t\t<div class=\"elementor-element elementor-element-1a09801 e-flex e-con-boxed e-con e-parent\" data-id=\"1a09801\" data-element_type=\"container\" data-e-type=\"container\">\n\t\t\t\t\t<div class=\"e-con-inner\">\n\t\t<div class=\"elementor-element elementor-element-16321f6 e-flex e-con-boxed e-con e-child\" data-id=\"16321f6\" data-element_type=\"container\" data-e-type=\"container\">\n\t\t\t\t\t<div class=\"e-con-inner\">\n\t\t\t\t<div class=\"elementor-element elementor-element-46130d1 elementor-widget elementor-widget-text-editor\" data-id=\"46130d1\" data-element_type=\"widget\" data-e-type=\"widget\" data-widget_type=\"text-editor.default\">\n\t\t\t\t\t\t\t\t\t<p>If you would like to learn more about the materials we use to build your dream modular home, you can download the PDF file by clicking the button below. We also offer a brochure that provides useful information about our products.<\/p>\t\t\t\t\t\t\t\t<\/div>\n\t\t<div class=\"elementor-element elementor-element-01df0dc e-flex e-con-boxed e-con e-child\" data-id=\"01df0dc\" data-element_type=\"container\" data-e-type=\"container\">\n\t\t\t\t\t<div class=\"e-con-inner\">\n\t\t\t\t<div class=\"elementor-element elementor-element-416235b elementor-align-center elementor-widget elementor-widget-button\" data-id=\"416235b\" data-element_type=\"widget\" data-e-type=\"widget\" data-widget_type=\"button.default\">\n\t\t\t\t\t\t\t\t\t\t<a class=\"elementor-button elementor-button-link elementor-size-sm elementor-animation-grow\" href=\"https:\/\/restmodules.lt\/wp-content\/uploads\/2025\/10\/Pjuviai-1.pdf\" target=\"_blank\">\n\t\t\t\t\t\t<span class=\"elementor-button-content-wrapper\">\n\t\t\t\t\t\t\t\t\t<span class=\"elementor-button-text\">Specifications<\/span>\n\t\t\t\t\t<\/span>\n\t\t\t\t\t<\/a>\n\t\t\t\t\t\t\t\t<\/div>\n\t\t\t\t<div class=\"elementor-element elementor-element-90c606c elementor-align-center elementor-widget elementor-widget-button\" data-id=\"90c606c\" data-element_type=\"widget\" data-e-type=\"widget\" data-widget_type=\"button.default\">\n\t\t\t\t\t\t\t\t\t\t<a class=\"elementor-button elementor-button-link elementor-size-sm elementor-animation-grow\" href=\"https:\/\/restmodules.lt\/wp-content\/uploads\/2025\/10\/Restmodules_brosiura_isklotine-627x274_galutinis-210x274-copy.pdf\" target=\"_blank\">\n\t\t\t\t\t\t<span class=\"elementor-button-content-wrapper\">\n\t\t\t\t\t\t\t\t\t<span class=\"elementor-button-text\">Brochure<\/span>\n\t\t\t\t\t<\/span>\n\t\t\t\t\t<\/a>\n\t\t\t\t\t\t\t\t<\/div>\n\t\t\t\t\t<\/div>\n\t\t\t\t<\/div>\n\t\t\t\t\t<\/div>\n\t\t\t\t<\/div>\n\t\t<div class=\"elementor-element elementor-element-be88841 e-con-full e-flex e-con e-child\" data-id=\"be88841\" data-element_type=\"container\" data-e-type=\"container\">\n\t\t\t\t<div class=\"elementor-element elementor-element-c2686a2 elementor-widget elementor-widget-image\" data-id=\"c2686a2\" data-element_type=\"widget\" data-e-type=\"widget\" data-widget_type=\"image.default\">\n\t\t\t\t\t\t\t\t\t\t\t\t\t\t\t<img fetchpriority=\"high\" decoding=\"async\" width=\"1920\" height=\"1080\" src=\"https:\/\/restmodules.lt\/wp-content\/uploads\/2025\/10\/Rest-modules-kontrukciju-pjuvis-lygus.png\" class=\"attachment-full size-full wp-image-3700\" alt=\"\" srcset=\"https:\/\/restmodules.lt\/wp-content\/uploads\/2025\/10\/Rest-modules-kontrukciju-pjuvis-lygus.png 1920w, https:\/\/restmodules.lt\/wp-content\/uploads\/2025\/10\/Rest-modules-kontrukciju-pjuvis-lygus-300x169.png 300w, https:\/\/restmodules.lt\/wp-content\/uploads\/2025\/10\/Rest-modules-kontrukciju-pjuvis-lygus-1024x576.png 1024w, https:\/\/restmodules.lt\/wp-content\/uploads\/2025\/10\/Rest-modules-kontrukciju-pjuvis-lygus-768x432.png 768w, https:\/\/restmodules.lt\/wp-content\/uploads\/2025\/10\/Rest-modules-kontrukciju-pjuvis-lygus-1536x864.png 1536w, https:\/\/restmodules.lt\/wp-content\/uploads\/2025\/10\/Rest-modules-kontrukciju-pjuvis-lygus-18x10.png 18w\" sizes=\"(max-width: 1920px) 100vw, 1920px\" \/>\t\t\t\t\t\t\t\t\t\t\t\t\t\t\t<\/div>\n\t\t\t\t<div class=\"elementor-element elementor-element-fe7d366 elementor-widget elementor-widget-image\" data-id=\"fe7d366\" data-element_type=\"widget\" data-e-type=\"widget\" data-widget_type=\"image.default\">\n\t\t\t\t\t\t\t\t\t\t\t\t\t\t\t<img decoding=\"async\" width=\"1920\" height=\"1080\" data-src=\"https:\/\/restmodules.lt\/wp-content\/uploads\/2025\/10\/Rest-modules-kontrukciju-slaitinis.png\" class=\"attachment-full size-full wp-image-3701 lazyload\" alt=\"\" data-srcset=\"https:\/\/restmodules.lt\/wp-content\/uploads\/2025\/10\/Rest-modules-kontrukciju-slaitinis.png 1920w, https:\/\/restmodules.lt\/wp-content\/uploads\/2025\/10\/Rest-modules-kontrukciju-slaitinis-300x169.png 300w, https:\/\/restmodules.lt\/wp-content\/uploads\/2025\/10\/Rest-modules-kontrukciju-slaitinis-1024x576.png 1024w, https:\/\/restmodules.lt\/wp-content\/uploads\/2025\/10\/Rest-modules-kontrukciju-slaitinis-768x432.png 768w, https:\/\/restmodules.lt\/wp-content\/uploads\/2025\/10\/Rest-modules-kontrukciju-slaitinis-1536x864.png 1536w, https:\/\/restmodules.lt\/wp-content\/uploads\/2025\/10\/Rest-modules-kontrukciju-slaitinis-18x10.png 18w\" data-sizes=\"(max-width: 1920px) 100vw, 1920px\" src=\"data:image\/svg+xml;base64,PHN2ZyB3aWR0aD0iMSIgaGVpZ2h0PSIxIiB4bWxucz0iaHR0cDovL3d3dy53My5vcmcvMjAwMC9zdmciPjwvc3ZnPg==\" style=\"--smush-placeholder-width: 1920px; --smush-placeholder-aspect-ratio: 1920\/1080;\" \/>\t\t\t\t\t\t\t\t\t\t\t\t\t\t\t<\/div>\n\t\t\t\t<\/div>\n\t\t\t\t\t<\/div>\n\t\t\t\t<\/div>\n\t\t<div class=\"elementor-element elementor-element-863bce5 e-con-full e-flex e-con e-parent\" data-id=\"863bce5\" data-element_type=\"container\" data-e-type=\"container\">\n\t\t<div class=\"elementor-element elementor-element-a01e49b e-con-full e-flex e-con e-child\" data-id=\"a01e49b\" data-element_type=\"container\" data-e-type=\"container\" data-settings=\"{&quot;background_background&quot;:&quot;classic&quot;}\">\n\t\t\t\t<div class=\"elementor-element elementor-element-eb0715e elementor-widget elementor-widget-heading\" data-id=\"eb0715e\" data-element_type=\"widget\" data-e-type=\"widget\" data-widget_type=\"heading.default\">\n\t\t\t\t\t<h2 class=\"elementor-heading-title elementor-size-default\">Need an individual solution?<\/h2>\t\t\t\t<\/div>\n\t\t\t\t<div class=\"elementor-element elementor-element-c9765d0 elementor-align-center elementor-widget elementor-widget-button\" data-id=\"c9765d0\" data-element_type=\"widget\" data-e-type=\"widget\" data-widget_type=\"button.default\">\n\t\t\t\t\t\t\t\t\t\t<a class=\"elementor-button elementor-button-link elementor-size-sm elementor-animation-grow\" href=\"https:\/\/restmodules.lt\/en\/kontaktai\/\">\n\t\t\t\t\t\t<span class=\"elementor-button-content-wrapper\">\n\t\t\t\t\t\t\t\t\t<span class=\"elementor-button-text\">Send inquiry<\/span>\n\t\t\t\t\t<\/span>\n\t\t\t\t\t<\/a>\n\t\t\t\t\t\t\t\t<\/div>\n\t\t\t\t<\/div>\n\t\t\t\t<\/div>\n\t\t\t\t<\/div>","protected":false},"excerpt":{"rendered":"<p>Konstrukcija Jei norite susipa\u017einti su kokiomis med\u017eiagomis mes statome j\u016bs\u0173 svajoni\u0173 modulinius namus, galite tai padaryti atsisiunt\u0119 PDF fail\u0105 paspaud\u0119 mygtuk\u0105 \u017eemiau. Taip pat si\u016blome atsisi\u0173sti bro\u0161i\u016br\u0105, kurioje rasite nauding\u0105 informacij\u0105 apie m\u016bs\u0173 produktus. Specifikacijos Bro\u0161i\u016bra Reikia individualaus sprendimo? Pateikti u\u017eklaus\u0105<\/p>","protected":false},"author":1,"featured_media":0,"parent":0,"menu_order":0,"comment_status":"closed","ping_status":"closed","template":"","meta":{"footnotes":""},"class_list":["post-3698","page","type-page","status-publish","hentry"],"yoast_head":"<!-- This site is optimized with the Yoast SEO plugin v26.8 - https:\/\/yoast.com\/product\/yoast-seo-wordpress\/ -->\n<title>Modulini\u0173 nam\u0173 konstrukcija - Rest Modules | Moduliniai namai<\/title>\n<meta name=\"description\" content=\"Su\u017einoke kaip mes statome j\u016bs\u0173 svajoni\u0173 modulinius namus. Susipa\u017einkite su konstrukcija bei kitais statymo \u012fpatumais.\" \/>\n<meta name=\"robots\" content=\"index, follow, max-snippet:-1, max-image-preview:large, max-video-preview:-1\" \/>\n<link rel=\"canonical\" href=\"https:\/\/restmodules.lt\/en\/konstrukcija\/\" \/>\n<meta property=\"og:locale\" content=\"en_US\" \/>\n<meta property=\"og:type\" content=\"article\" \/>\n<meta property=\"og:title\" content=\"Modulini\u0173 nam\u0173 konstrukcija - Rest Modules | Moduliniai namai\" \/>\n<meta property=\"og:description\" content=\"Su\u017einoke kaip mes statome j\u016bs\u0173 svajoni\u0173 modulinius namus. Susipa\u017einkite su konstrukcija bei kitais statymo \u012fpatumais.\" \/>\n<meta property=\"og:url\" content=\"https:\/\/restmodules.lt\/en\/konstrukcija\/\" \/>\n<meta property=\"og:site_name\" content=\"Rest Modules | Moduliniai namai\" \/>\n<meta property=\"article:modified_time\" content=\"2025-10-16T15:58:19+00:00\" \/>\n<meta property=\"og:image\" content=\"https:\/\/restmodules.lt\/wp-content\/uploads\/2025\/10\/Rest-modules-kontrukciju-pjuvis-lygus-1024x576.png\" \/>\n\t<meta property=\"og:image:width\" content=\"1024\" \/>\n\t<meta property=\"og:image:height\" content=\"576\" \/>\n\t<meta property=\"og:image:type\" content=\"image\/png\" \/>\n<meta name=\"twitter:card\" content=\"summary_large_image\" \/>\n<meta name=\"twitter:label1\" content=\"Est. reading time\" \/>\n\t<meta name=\"twitter:data1\" content=\"1 minute\" \/>\n<script type=\"application\/ld+json\" class=\"yoast-schema-graph\">{\"@context\":\"https:\/\/schema.org\",\"@graph\":[{\"@type\":\"WebPage\",\"@id\":\"https:\/\/restmodules.lt\/konstrukcija\/\",\"url\":\"https:\/\/restmodules.lt\/konstrukcija\/\",\"name\":\"Modulini\u0173 nam\u0173 konstrukcija - Rest Modules | Moduliniai namai\",\"isPartOf\":{\"@id\":\"https:\/\/restmodules.lt\/#website\"},\"primaryImageOfPage\":{\"@id\":\"https:\/\/restmodules.lt\/konstrukcija\/#primaryimage\"},\"image\":{\"@id\":\"https:\/\/restmodules.lt\/konstrukcija\/#primaryimage\"},\"thumbnailUrl\":\"https:\/\/restmodules.lt\/wp-content\/uploads\/2025\/10\/Rest-modules-kontrukciju-pjuvis-lygus.png\",\"datePublished\":\"2025-10-16T15:58:07+00:00\",\"dateModified\":\"2025-10-16T15:58:19+00:00\",\"description\":\"Su\u017einoke kaip mes statome j\u016bs\u0173 svajoni\u0173 modulinius namus. Susipa\u017einkite su konstrukcija bei kitais statymo \u012fpatumais.\",\"breadcrumb\":{\"@id\":\"https:\/\/restmodules.lt\/konstrukcija\/#breadcrumb\"},\"inLanguage\":\"en-US\",\"potentialAction\":[{\"@type\":\"ReadAction\",\"target\":[\"https:\/\/restmodules.lt\/konstrukcija\/\"]}]},{\"@type\":\"ImageObject\",\"inLanguage\":\"en-US\",\"@id\":\"https:\/\/restmodules.lt\/konstrukcija\/#primaryimage\",\"url\":\"https:\/\/restmodules.lt\/wp-content\/uploads\/2025\/10\/Rest-modules-kontrukciju-pjuvis-lygus.png\",\"contentUrl\":\"https:\/\/restmodules.lt\/wp-content\/uploads\/2025\/10\/Rest-modules-kontrukciju-pjuvis-lygus.png\"},{\"@type\":\"BreadcrumbList\",\"@id\":\"https:\/\/restmodules.lt\/konstrukcija\/#breadcrumb\",\"itemListElement\":[{\"@type\":\"ListItem\",\"position\":1,\"name\":\"Pradinis\",\"item\":\"https:\/\/restmodules.lt\/\"},{\"@type\":\"ListItem\",\"position\":2,\"name\":\"Konstrukcija\"}]},{\"@type\":\"WebSite\",\"@id\":\"https:\/\/restmodules.lt\/#website\",\"url\":\"https:\/\/restmodules.lt\/\",\"name\":\"Rest Modules | Moduliniai namai\",\"description\":\"Greitas ir unikalus j\u016bs\u0173 svajoni\u0173 namo i\u0161pildymas!\",\"publisher\":{\"@id\":\"https:\/\/restmodules.lt\/#organization\"},\"potentialAction\":[{\"@type\":\"SearchAction\",\"target\":{\"@type\":\"EntryPoint\",\"urlTemplate\":\"https:\/\/restmodules.lt\/?s={search_term_string}\"},\"query-input\":{\"@type\":\"PropertyValueSpecification\",\"valueRequired\":true,\"valueName\":\"search_term_string\"}}],\"inLanguage\":\"en-US\"},{\"@type\":\"Organization\",\"@id\":\"https:\/\/restmodules.lt\/#organization\",\"name\":\"Rest Modules | Moduliniai namai\",\"url\":\"https:\/\/restmodules.lt\/\",\"logo\":{\"@type\":\"ImageObject\",\"inLanguage\":\"en-US\",\"@id\":\"https:\/\/restmodules.lt\/#\/schema\/logo\/image\/\",\"url\":\"https:\/\/restmodules.lt\/wp-content\/uploads\/2024\/11\/RestModules-white.png\",\"contentUrl\":\"https:\/\/restmodules.lt\/wp-content\/uploads\/2024\/11\/RestModules-white.png\",\"width\":600,\"height\":276,\"caption\":\"Rest Modules | Moduliniai namai\"},\"image\":{\"@id\":\"https:\/\/restmodules.lt\/#\/schema\/logo\/image\/\"}}]}<\/script>\n<!-- \/ Yoast SEO plugin. -->","yoast_head_json":{"title":"Modulini\u0173 nam\u0173 konstrukcija - Rest Modules | Moduliniai namai","description":"Su\u017einoke kaip mes statome j\u016bs\u0173 svajoni\u0173 modulinius namus. Susipa\u017einkite su konstrukcija bei kitais statymo \u012fpatumais.","robots":{"index":"index","follow":"follow","max-snippet":"max-snippet:-1","max-image-preview":"max-image-preview:large","max-video-preview":"max-video-preview:-1"},"canonical":"https:\/\/restmodules.lt\/en\/konstrukcija\/","og_locale":"en_US","og_type":"article","og_title":"Modulini\u0173 nam\u0173 konstrukcija - Rest Modules | Moduliniai namai","og_description":"Su\u017einoke kaip mes statome j\u016bs\u0173 svajoni\u0173 modulinius namus. Susipa\u017einkite su konstrukcija bei kitais statymo \u012fpatumais.","og_url":"https:\/\/restmodules.lt\/en\/konstrukcija\/","og_site_name":"Rest Modules | Moduliniai namai","article_modified_time":"2025-10-16T15:58:19+00:00","og_image":[{"width":1024,"height":576,"url":"https:\/\/restmodules.lt\/wp-content\/uploads\/2025\/10\/Rest-modules-kontrukciju-pjuvis-lygus-1024x576.png","type":"image\/png"}],"twitter_card":"summary_large_image","twitter_misc":{"Est. reading time":"1 minute"},"schema":{"@context":"https:\/\/schema.org","@graph":[{"@type":"WebPage","@id":"https:\/\/restmodules.lt\/konstrukcija\/","url":"https:\/\/restmodules.lt\/konstrukcija\/","name":"Modulini\u0173 nam\u0173 konstrukcija - Rest Modules | Moduliniai namai","isPartOf":{"@id":"https:\/\/restmodules.lt\/#website"},"primaryImageOfPage":{"@id":"https:\/\/restmodules.lt\/konstrukcija\/#primaryimage"},"image":{"@id":"https:\/\/restmodules.lt\/konstrukcija\/#primaryimage"},"thumbnailUrl":"https:\/\/restmodules.lt\/wp-content\/uploads\/2025\/10\/Rest-modules-kontrukciju-pjuvis-lygus.png","datePublished":"2025-10-16T15:58:07+00:00","dateModified":"2025-10-16T15:58:19+00:00","description":"Su\u017einoke kaip mes statome j\u016bs\u0173 svajoni\u0173 modulinius namus. Susipa\u017einkite su konstrukcija bei kitais statymo \u012fpatumais.","breadcrumb":{"@id":"https:\/\/restmodules.lt\/konstrukcija\/#breadcrumb"},"inLanguage":"en-US","potentialAction":[{"@type":"ReadAction","target":["https:\/\/restmodules.lt\/konstrukcija\/"]}]},{"@type":"ImageObject","inLanguage":"en-US","@id":"https:\/\/restmodules.lt\/konstrukcija\/#primaryimage","url":"https:\/\/restmodules.lt\/wp-content\/uploads\/2025\/10\/Rest-modules-kontrukciju-pjuvis-lygus.png","contentUrl":"https:\/\/restmodules.lt\/wp-content\/uploads\/2025\/10\/Rest-modules-kontrukciju-pjuvis-lygus.png"},{"@type":"BreadcrumbList","@id":"https:\/\/restmodules.lt\/konstrukcija\/#breadcrumb","itemListElement":[{"@type":"ListItem","position":1,"name":"Pradinis","item":"https:\/\/restmodules.lt\/"},{"@type":"ListItem","position":2,"name":"Konstrukcija"}]},{"@type":"WebSite","@id":"https:\/\/restmodules.lt\/#website","url":"https:\/\/restmodules.lt\/","name":"Rest Modules | Moduliniai namai","description":"Greitas ir unikalus j\u016bs\u0173 svajoni\u0173 namo i\u0161pildymas!","publisher":{"@id":"https:\/\/restmodules.lt\/#organization"},"potentialAction":[{"@type":"SearchAction","target":{"@type":"EntryPoint","urlTemplate":"https:\/\/restmodules.lt\/?s={search_term_string}"},"query-input":{"@type":"PropertyValueSpecification","valueRequired":true,"valueName":"search_term_string"}}],"inLanguage":"en-US"},{"@type":"Organization","@id":"https:\/\/restmodules.lt\/#organization","name":"Rest Modules | Moduliniai namai","url":"https:\/\/restmodules.lt\/","logo":{"@type":"ImageObject","inLanguage":"en-US","@id":"https:\/\/restmodules.lt\/#\/schema\/logo\/image\/","url":"https:\/\/restmodules.lt\/wp-content\/uploads\/2024\/11\/RestModules-white.png","contentUrl":"https:\/\/restmodules.lt\/wp-content\/uploads\/2024\/11\/RestModules-white.png","width":600,"height":276,"caption":"Rest Modules | Moduliniai namai"},"image":{"@id":"https:\/\/restmodules.lt\/#\/schema\/logo\/image\/"}}]}},"_links":{"self":[{"href":"https:\/\/restmodules.lt\/en\/wp-json\/wp\/v2\/pages\/3698","targetHints":{"allow":["GET"]}}],"collection":[{"href":"https:\/\/restmodules.lt\/en\/wp-json\/wp\/v2\/pages"}],"about":[{"href":"https:\/\/restmodules.lt\/en\/wp-json\/wp\/v2\/types\/page"}],"author":[{"embeddable":true,"href":"https:\/\/restmodules.lt\/en\/wp-json\/wp\/v2\/users\/1"}],"replies":[{"embeddable":true,"href":"https:\/\/restmodules.lt\/en\/wp-json\/wp\/v2\/comments?post=3698"}],"version-history":[{"count":73,"href":"https:\/\/restmodules.lt\/en\/wp-json\/wp\/v2\/pages\/3698\/revisions"}],"predecessor-version":[{"id":3776,"href":"https:\/\/restmodules.lt\/en\/wp-json\/wp\/v2\/pages\/3698\/revisions\/3776"}],"wp:attachment":[{"href":"https:\/\/restmodules.lt\/en\/wp-json\/wp\/v2\/media?parent=3698"}],"curies":[{"name":"wp","href":"https:\/\/api.w.org\/{rel}","templated":true}]}}