{"id":3380,"date":"2025-10-07T15:33:24","date_gmt":"2025-10-07T12:33:24","guid":{"rendered":"https:\/\/restmodules.lt\/?page_id=3380"},"modified":"2025-10-08T09:10:27","modified_gmt":"2025-10-08T06:10:27","slug":"produktas-modulis-komoda-shed","status":"publish","type":"page","link":"https:\/\/restmodules.lt\/en\/produktas-modulis-komoda-shed\/","title":{"rendered":"Produktas: modulis &#8222;Komoda Shed&#8221;"},"content":{"rendered":"<div data-elementor-type=\"wp-page\" data-elementor-id=\"3380\" class=\"elementor elementor-3380\" data-elementor-post-type=\"page\">\n\t\t\t\t<div class=\"elementor-element elementor-element-84d9abf e-con-full e-flex e-con e-parent\" data-id=\"84d9abf\" data-element_type=\"container\" data-e-type=\"container\" data-settings=\"{&quot;background_background&quot;:&quot;classic&quot;}\">\n\t\t\t\t<div class=\"elementor-element elementor-element-77428e9 elementor-widget elementor-widget-heading\" data-id=\"77428e9\" data-element_type=\"widget\" data-e-type=\"widget\" data-widget_type=\"heading.default\">\n\t\t\t\t\t<h1 class=\"elementor-heading-title elementor-size-default\">Modul \"Komoda Shed\"<\/h1>\t\t\t\t<\/div>\n\t\t<div class=\"elementor-element elementor-element-bebb2cc e-con-full e-flex e-con e-child\" data-id=\"bebb2cc\" data-element_type=\"container\" data-e-type=\"container\">\n\t\t\t\t<div class=\"elementor-element elementor-element-23018e9 elementor-align-center elementor-icon-list--layout-inline elementor-mobile-align-center elementor-list-item-link-full_width elementor-widget elementor-widget-icon-list\" data-id=\"23018e9\" data-element_type=\"widget\" data-e-type=\"widget\" data-widget_type=\"icon-list.default\">\n\t\t\t\t\t\t\t<ul class=\"elementor-icon-list-items elementor-inline-items\">\n\t\t\t\t\t\t\t<li class=\"elementor-icon-list-item elementor-inline-item\">\n\t\t\t\t\t\t\t\t\t\t\t<span class=\"elementor-icon-list-icon\">\n\t\t\t\t\t\t\t<svg aria-hidden=\"true\" class=\"e-font-icon-svg e-fas-ruler-combined\" viewbox=\"0 0 512 512\" xmlns=\"http:\/\/www.w3.org\/2000\/svg\"><path d=\"M160 288h-56c-4.42 0-8-3.58-8-8v-16c0-4.42 3.58-8 8-8h56v-64h-56c-4.42 0-8-3.58-8-8v-16c0-4.42 3.58-8 8-8h56V96h-56c-4.42 0-8-3.58-8-8V72c0-4.42 3.58-8 8-8h56V32c0-17.67-14.33-32-32-32H32C14.33 0 0 14.33 0 32v448c0 2.77.91 5.24 1.57 7.8L160 329.38V288zm320 64h-32v56c0 4.42-3.58 8-8 8h-16c-4.42 0-8-3.58-8-8v-56h-64v56c0 4.42-3.58 8-8 8h-16c-4.42 0-8-3.58-8-8v-56h-64v56c0 4.42-3.58 8-8 8h-16c-4.42 0-8-3.58-8-8v-56h-41.37L24.2 510.43c2.56.66 5.04 1.57 7.8 1.57h448c17.67 0 32-14.33 32-32v-96c0-17.67-14.33-32-32-32z\"><\/path><\/svg>\t\t\t\t\t\t<\/span>\n\t\t\t\t\t\t\t\t\t\t<span class=\"elementor-icon-list-text\">Dydis: 2m x 3m (6 m2)<\/span>\n\t\t\t\t\t\t\t\t\t<\/li>\n\t\t\t\t\t\t<\/ul>\n\t\t\t\t\t\t<\/div>\n\t\t\t\t<div class=\"elementor-element elementor-element-9c56ced elementor-widget elementor-widget-heading\" data-id=\"9c56ced\" data-element_type=\"widget\" data-e-type=\"widget\" data-widget_type=\"heading.default\">\n\t\t\t\t\t<h2 class=\"elementor-heading-title elementor-size-default\">Description<\/h2>\t\t\t\t<\/div>\n\t\t\t\t<div class=\"elementor-element elementor-element-e49798b elementor-widget elementor-widget-text-editor\" data-id=\"e49798b\" data-element_type=\"widget\" data-e-type=\"widget\" data-widget_type=\"text-editor.default\">\n\t\t\t\t\t\t\t\t\t<p dir=\"auto\">Kompakti\u0161kas ir prakti\u0161kas sprendimas daikt\u0173 laikymui. Patvarus ir universalus, puikiai tinka tiems kurie vertina kokyb\u0119.<\/p>\t\t\t\t\t\t\t\t<\/div>\n\t\t\t\t<div class=\"elementor-element elementor-element-e9852d2 elementor-widget elementor-widget-gallery\" data-id=\"e9852d2\" data-element_type=\"widget\" data-e-type=\"widget\" data-settings=\"{&quot;gallery_layout&quot;:&quot;justified&quot;,&quot;ideal_row_height&quot;:{&quot;unit&quot;:&quot;px&quot;,&quot;size&quot;:300,&quot;sizes&quot;:[]},&quot;lazyload&quot;:&quot;yes&quot;,&quot;ideal_row_height_tablet&quot;:{&quot;unit&quot;:&quot;px&quot;,&quot;size&quot;:150,&quot;sizes&quot;:[]},&quot;ideal_row_height_mobile&quot;:{&quot;unit&quot;:&quot;px&quot;,&quot;size&quot;:150,&quot;sizes&quot;:[]},&quot;gap&quot;:{&quot;unit&quot;:&quot;px&quot;,&quot;size&quot;:10,&quot;sizes&quot;:[]},&quot;gap_tablet&quot;:{&quot;unit&quot;:&quot;px&quot;,&quot;size&quot;:10,&quot;sizes&quot;:[]},&quot;gap_mobile&quot;:{&quot;unit&quot;:&quot;px&quot;,&quot;size&quot;:10,&quot;sizes&quot;:[]},&quot;link_to&quot;:&quot;file&quot;,&quot;content_hover_animation&quot;:&quot;fade-in&quot;}\" data-widget_type=\"gallery.default\">\n\t\t\t\t\t\t\t<div class=\"elementor-gallery__container\">\n\t\t\t\t\t\t\t<a class=\"e-gallery-item elementor-gallery-item elementor-animated-content\" href=\"https:\/\/restmodules.lt\/wp-content\/uploads\/2025\/10\/5-1.jpg\" data-elementor-open-lightbox=\"yes\" data-elementor-lightbox-slideshow=\"e9852d2\" data-e-action-hash=\"#elementor-action%3Aaction%3Dlightbox%26settings%3DeyJpZCI6MzMyOSwidXJsIjoiaHR0cHM6XC9cL3Jlc3Rtb2R1bGVzLmx0XC93cC1jb250ZW50XC91cGxvYWRzXC8yMDI1XC8xMFwvNS0xLmpwZyIsInNsaWRlc2hvdyI6ImU5ODUyZDIifQ%3D%3D\">\n\t\t\t\t\t<div class=\"e-gallery-image elementor-gallery-item__image\" data-thumbnail=\"https:\/\/restmodules.lt\/wp-content\/uploads\/2025\/10\/5-1.jpg\" data-width=\"1080\" data-height=\"1080\" aria-label=\"\" role=\"img\" ><\/div>\n\t\t\t\t\t\t\t\t\t\t\t\t\t\t<\/a>\n\t\t\t\t\t\t\t<a class=\"e-gallery-item elementor-gallery-item elementor-animated-content\" href=\"https:\/\/restmodules.lt\/wp-content\/uploads\/2025\/10\/4-1.jpg\" data-elementor-open-lightbox=\"yes\" data-elementor-lightbox-slideshow=\"e9852d2\" data-e-action-hash=\"#elementor-action%3Aaction%3Dlightbox%26settings%3DeyJpZCI6MzMyOCwidXJsIjoiaHR0cHM6XC9cL3Jlc3Rtb2R1bGVzLmx0XC93cC1jb250ZW50XC91cGxvYWRzXC8yMDI1XC8xMFwvNC0xLmpwZyIsInNsaWRlc2hvdyI6ImU5ODUyZDIifQ%3D%3D\">\n\t\t\t\t\t<div class=\"e-gallery-image elementor-gallery-item__image\" data-thumbnail=\"https:\/\/restmodules.lt\/wp-content\/uploads\/2025\/10\/4-1.jpg\" data-width=\"1080\" data-height=\"1080\" aria-label=\"\" role=\"img\" ><\/div>\n\t\t\t\t\t\t\t\t\t\t\t\t\t\t<\/a>\n\t\t\t\t\t\t\t<a class=\"e-gallery-item elementor-gallery-item elementor-animated-content\" href=\"https:\/\/restmodules.lt\/wp-content\/uploads\/2025\/10\/3-1.jpg\" data-elementor-open-lightbox=\"yes\" data-elementor-lightbox-slideshow=\"e9852d2\" data-e-action-hash=\"#elementor-action%3Aaction%3Dlightbox%26settings%3DeyJpZCI6MzMyNywidXJsIjoiaHR0cHM6XC9cL3Jlc3Rtb2R1bGVzLmx0XC93cC1jb250ZW50XC91cGxvYWRzXC8yMDI1XC8xMFwvMy0xLmpwZyIsInNsaWRlc2hvdyI6ImU5ODUyZDIifQ%3D%3D\">\n\t\t\t\t\t<div class=\"e-gallery-image elementor-gallery-item__image\" data-thumbnail=\"https:\/\/restmodules.lt\/wp-content\/uploads\/2025\/10\/3-1.jpg\" data-width=\"1080\" data-height=\"1080\" aria-label=\"\" role=\"img\" ><\/div>\n\t\t\t\t\t\t\t\t\t\t\t\t\t\t<\/a>\n\t\t\t\t\t\t\t<a class=\"e-gallery-item elementor-gallery-item elementor-animated-content\" href=\"https:\/\/restmodules.lt\/wp-content\/uploads\/2025\/10\/2-1.jpg\" data-elementor-open-lightbox=\"yes\" data-elementor-lightbox-slideshow=\"e9852d2\" data-e-action-hash=\"#elementor-action%3Aaction%3Dlightbox%26settings%3DeyJpZCI6MzMyNiwidXJsIjoiaHR0cHM6XC9cL3Jlc3Rtb2R1bGVzLmx0XC93cC1jb250ZW50XC91cGxvYWRzXC8yMDI1XC8xMFwvMi0xLmpwZyIsInNsaWRlc2hvdyI6ImU5ODUyZDIifQ%3D%3D\">\n\t\t\t\t\t<div class=\"e-gallery-image elementor-gallery-item__image\" data-thumbnail=\"https:\/\/restmodules.lt\/wp-content\/uploads\/2025\/10\/2-1.jpg\" data-width=\"1080\" data-height=\"1080\" aria-label=\"\" role=\"img\" ><\/div>\n\t\t\t\t\t\t\t\t\t\t\t\t\t\t<\/a>\n\t\t\t\t\t\t\t<a class=\"e-gallery-item elementor-gallery-item elementor-animated-content\" href=\"https:\/\/restmodules.lt\/wp-content\/uploads\/2025\/10\/1-1.jpg\" data-elementor-open-lightbox=\"yes\" data-elementor-lightbox-slideshow=\"e9852d2\" data-e-action-hash=\"#elementor-action%3Aaction%3Dlightbox%26settings%3DeyJpZCI6MzMyNSwidXJsIjoiaHR0cHM6XC9cL3Jlc3Rtb2R1bGVzLmx0XC93cC1jb250ZW50XC91cGxvYWRzXC8yMDI1XC8xMFwvMS0xLmpwZyIsInNsaWRlc2hvdyI6ImU5ODUyZDIifQ%3D%3D\">\n\t\t\t\t\t<div class=\"e-gallery-image elementor-gallery-item__image\" data-thumbnail=\"https:\/\/restmodules.lt\/wp-content\/uploads\/2025\/10\/1-1.jpg\" data-width=\"1080\" data-height=\"1080\" aria-label=\"\" role=\"img\" ><\/div>\n\t\t\t\t\t\t\t\t\t\t\t\t\t\t<\/a>\n\t\t\t\t\t<\/div>\n\t\t\t\t\t<\/div>\n\t\t\t\t<\/div>\n\t\t\t\t<\/div>\n\t\t<div class=\"elementor-element elementor-element-863bce5 e-con-full e-flex e-con e-parent\" data-id=\"863bce5\" data-element_type=\"container\" data-e-type=\"container\">\n\t\t<div class=\"elementor-element elementor-element-a01e49b e-con-full e-flex e-con e-child\" data-id=\"a01e49b\" data-element_type=\"container\" data-e-type=\"container\" data-settings=\"{&quot;background_background&quot;:&quot;classic&quot;}\">\n\t\t\t\t<div class=\"elementor-element elementor-element-eb0715e elementor-widget elementor-widget-heading\" data-id=\"eb0715e\" data-element_type=\"widget\" data-e-type=\"widget\" data-widget_type=\"heading.default\">\n\t\t\t\t\t<h2 class=\"elementor-heading-title elementor-size-default\">Need an individual solution?<\/h2>\t\t\t\t<\/div>\n\t\t\t\t<div class=\"elementor-element elementor-element-c9765d0 elementor-align-center elementor-widget elementor-widget-button\" data-id=\"c9765d0\" data-element_type=\"widget\" data-e-type=\"widget\" data-widget_type=\"button.default\">\n\t\t\t\t\t\t\t\t\t\t<a class=\"elementor-button elementor-button-link elementor-size-sm elementor-animation-grow\" href=\"https:\/\/restmodules.lt\/en\/kontaktai\/\">\n\t\t\t\t\t\t<span class=\"elementor-button-content-wrapper\">\n\t\t\t\t\t\t\t\t\t<span class=\"elementor-button-text\">Send inquiry<\/span>\n\t\t\t\t\t<\/span>\n\t\t\t\t\t<\/a>\n\t\t\t\t\t\t\t\t<\/div>\n\t\t\t\t<\/div>\n\t\t\t\t<\/div>\n\t\t\t\t<\/div>","protected":false},"excerpt":{"rendered":"<p>Modulis &#8222;Komoda Shed&#8221; Dydis: 2m x 3m (6 m2) Apra\u0161ymas Kompakti\u0161kas ir prakti\u0161kas sprendimas daikt\u0173 laikymui. Patvarus ir universalus, puikiai tinka tiems kurie vertina kokyb\u0119. Reikia individualaus sprendimo? Pateikti u\u017eklaus\u0105<\/p>","protected":false},"author":1,"featured_media":0,"parent":0,"menu_order":0,"comment_status":"closed","ping_status":"closed","template":"","meta":{"footnotes":""},"class_list":["post-3380","page","type-page","status-publish","hentry"],"yoast_head":"<!-- This site is optimized with the Yoast SEO plugin v26.8 - https:\/\/yoast.com\/product\/yoast-seo-wordpress\/ -->\n<title>Modulis &quot;Komoda Shed&quot; - Rest Modules | Moduliniai namai<\/title>\n<meta name=\"description\" content=\"\u0160iuolaiki\u0161kas \u201eKomoda Shed\u201c modulis \u2013 puikus sprendimas kai reikia sand\u0117liuko greitai ir pagaminto i\u0161 kokybi\u0161k\u0173 med\u017eiag\u0173.\" \/>\n<meta name=\"robots\" content=\"index, follow, max-snippet:-1, max-image-preview:large, max-video-preview:-1\" \/>\n<link rel=\"canonical\" href=\"https:\/\/restmodules.lt\/en\/produktas-modulis-komoda-shed\/\" \/>\n<meta property=\"og:locale\" content=\"en_US\" \/>\n<meta property=\"og:type\" content=\"article\" \/>\n<meta property=\"og:title\" content=\"Modulis &quot;Komoda Shed&quot; - Rest Modules | Moduliniai namai\" \/>\n<meta property=\"og:description\" content=\"\u0160iuolaiki\u0161kas \u201eKomoda Shed\u201c modulis \u2013 puikus sprendimas kai reikia sand\u0117liuko greitai ir pagaminto i\u0161 kokybi\u0161k\u0173 med\u017eiag\u0173.\" \/>\n<meta property=\"og:url\" content=\"https:\/\/restmodules.lt\/en\/produktas-modulis-komoda-shed\/\" \/>\n<meta property=\"og:site_name\" content=\"Rest Modules | Moduliniai namai\" \/>\n<meta property=\"article:modified_time\" content=\"2025-10-08T06:10:27+00:00\" \/>\n<meta name=\"twitter:card\" content=\"summary_large_image\" \/>\n<meta name=\"twitter:label1\" content=\"Est. reading time\" \/>\n\t<meta name=\"twitter:data1\" content=\"1 minute\" \/>\n<script type=\"application\/ld+json\" class=\"yoast-schema-graph\">{\"@context\":\"https:\/\/schema.org\",\"@graph\":[{\"@type\":\"WebPage\",\"@id\":\"https:\/\/restmodules.lt\/produktas-modulis-komoda-shed\/\",\"url\":\"https:\/\/restmodules.lt\/produktas-modulis-komoda-shed\/\",\"name\":\"Modulis \\\"Komoda Shed\\\" - Rest Modules | Moduliniai namai\",\"isPartOf\":{\"@id\":\"https:\/\/restmodules.lt\/#website\"},\"datePublished\":\"2025-10-07T12:33:24+00:00\",\"dateModified\":\"2025-10-08T06:10:27+00:00\",\"description\":\"\u0160iuolaiki\u0161kas \u201eKomoda Shed\u201c modulis \u2013 puikus sprendimas kai reikia sand\u0117liuko greitai ir pagaminto i\u0161 kokybi\u0161k\u0173 med\u017eiag\u0173.\",\"breadcrumb\":{\"@id\":\"https:\/\/restmodules.lt\/produktas-modulis-komoda-shed\/#breadcrumb\"},\"inLanguage\":\"en-US\",\"potentialAction\":[{\"@type\":\"ReadAction\",\"target\":[\"https:\/\/restmodules.lt\/produktas-modulis-komoda-shed\/\"]}]},{\"@type\":\"BreadcrumbList\",\"@id\":\"https:\/\/restmodules.lt\/produktas-modulis-komoda-shed\/#breadcrumb\",\"itemListElement\":[{\"@type\":\"ListItem\",\"position\":1,\"name\":\"Pradinis\",\"item\":\"https:\/\/restmodules.lt\/\"},{\"@type\":\"ListItem\",\"position\":2,\"name\":\"Produktas: modulis &#8222;Komoda Shed&#8221;\"}]},{\"@type\":\"WebSite\",\"@id\":\"https:\/\/restmodules.lt\/#website\",\"url\":\"https:\/\/restmodules.lt\/\",\"name\":\"Rest Modules | Moduliniai namai\",\"description\":\"Greitas ir unikalus j\u016bs\u0173 svajoni\u0173 namo i\u0161pildymas!\",\"publisher\":{\"@id\":\"https:\/\/restmodules.lt\/#organization\"},\"potentialAction\":[{\"@type\":\"SearchAction\",\"target\":{\"@type\":\"EntryPoint\",\"urlTemplate\":\"https:\/\/restmodules.lt\/?s={search_term_string}\"},\"query-input\":{\"@type\":\"PropertyValueSpecification\",\"valueRequired\":true,\"valueName\":\"search_term_string\"}}],\"inLanguage\":\"en-US\"},{\"@type\":\"Organization\",\"@id\":\"https:\/\/restmodules.lt\/#organization\",\"name\":\"Rest Modules | Moduliniai namai\",\"url\":\"https:\/\/restmodules.lt\/\",\"logo\":{\"@type\":\"ImageObject\",\"inLanguage\":\"en-US\",\"@id\":\"https:\/\/restmodules.lt\/#\/schema\/logo\/image\/\",\"url\":\"https:\/\/restmodules.lt\/wp-content\/uploads\/2024\/11\/RestModules-white.png\",\"contentUrl\":\"https:\/\/restmodules.lt\/wp-content\/uploads\/2024\/11\/RestModules-white.png\",\"width\":600,\"height\":276,\"caption\":\"Rest Modules | Moduliniai namai\"},\"image\":{\"@id\":\"https:\/\/restmodules.lt\/#\/schema\/logo\/image\/\"}}]}<\/script>\n<!-- \/ Yoast SEO plugin. -->","yoast_head_json":{"title":"Modulis \"Komoda Shed\" - Rest Modules | Moduliniai namai","description":"\u0160iuolaiki\u0161kas \u201eKomoda Shed\u201c modulis \u2013 puikus sprendimas kai reikia sand\u0117liuko greitai ir pagaminto i\u0161 kokybi\u0161k\u0173 med\u017eiag\u0173.","robots":{"index":"index","follow":"follow","max-snippet":"max-snippet:-1","max-image-preview":"max-image-preview:large","max-video-preview":"max-video-preview:-1"},"canonical":"https:\/\/restmodules.lt\/en\/produktas-modulis-komoda-shed\/","og_locale":"en_US","og_type":"article","og_title":"Modulis \"Komoda Shed\" - Rest Modules | Moduliniai namai","og_description":"\u0160iuolaiki\u0161kas \u201eKomoda Shed\u201c modulis \u2013 puikus sprendimas kai reikia sand\u0117liuko greitai ir pagaminto i\u0161 kokybi\u0161k\u0173 med\u017eiag\u0173.","og_url":"https:\/\/restmodules.lt\/en\/produktas-modulis-komoda-shed\/","og_site_name":"Rest Modules | Moduliniai namai","article_modified_time":"2025-10-08T06:10:27+00:00","twitter_card":"summary_large_image","twitter_misc":{"Est. reading time":"1 minute"},"schema":{"@context":"https:\/\/schema.org","@graph":[{"@type":"WebPage","@id":"https:\/\/restmodules.lt\/produktas-modulis-komoda-shed\/","url":"https:\/\/restmodules.lt\/produktas-modulis-komoda-shed\/","name":"Modulis \"Komoda Shed\" - Rest Modules | Moduliniai namai","isPartOf":{"@id":"https:\/\/restmodules.lt\/#website"},"datePublished":"2025-10-07T12:33:24+00:00","dateModified":"2025-10-08T06:10:27+00:00","description":"\u0160iuolaiki\u0161kas \u201eKomoda Shed\u201c modulis \u2013 puikus sprendimas kai reikia sand\u0117liuko greitai ir pagaminto i\u0161 kokybi\u0161k\u0173 med\u017eiag\u0173.","breadcrumb":{"@id":"https:\/\/restmodules.lt\/produktas-modulis-komoda-shed\/#breadcrumb"},"inLanguage":"en-US","potentialAction":[{"@type":"ReadAction","target":["https:\/\/restmodules.lt\/produktas-modulis-komoda-shed\/"]}]},{"@type":"BreadcrumbList","@id":"https:\/\/restmodules.lt\/produktas-modulis-komoda-shed\/#breadcrumb","itemListElement":[{"@type":"ListItem","position":1,"name":"Pradinis","item":"https:\/\/restmodules.lt\/"},{"@type":"ListItem","position":2,"name":"Produktas: modulis &#8222;Komoda Shed&#8221;"}]},{"@type":"WebSite","@id":"https:\/\/restmodules.lt\/#website","url":"https:\/\/restmodules.lt\/","name":"Rest Modules | Moduliniai namai","description":"Greitas ir unikalus j\u016bs\u0173 svajoni\u0173 namo i\u0161pildymas!","publisher":{"@id":"https:\/\/restmodules.lt\/#organization"},"potentialAction":[{"@type":"SearchAction","target":{"@type":"EntryPoint","urlTemplate":"https:\/\/restmodules.lt\/?s={search_term_string}"},"query-input":{"@type":"PropertyValueSpecification","valueRequired":true,"valueName":"search_term_string"}}],"inLanguage":"en-US"},{"@type":"Organization","@id":"https:\/\/restmodules.lt\/#organization","name":"Rest Modules | Moduliniai namai","url":"https:\/\/restmodules.lt\/","logo":{"@type":"ImageObject","inLanguage":"en-US","@id":"https:\/\/restmodules.lt\/#\/schema\/logo\/image\/","url":"https:\/\/restmodules.lt\/wp-content\/uploads\/2024\/11\/RestModules-white.png","contentUrl":"https:\/\/restmodules.lt\/wp-content\/uploads\/2024\/11\/RestModules-white.png","width":600,"height":276,"caption":"Rest Modules | Moduliniai namai"},"image":{"@id":"https:\/\/restmodules.lt\/#\/schema\/logo\/image\/"}}]}},"_links":{"self":[{"href":"https:\/\/restmodules.lt\/en\/wp-json\/wp\/v2\/pages\/3380","targetHints":{"allow":["GET"]}}],"collection":[{"href":"https:\/\/restmodules.lt\/en\/wp-json\/wp\/v2\/pages"}],"about":[{"href":"https:\/\/restmodules.lt\/en\/wp-json\/wp\/v2\/types\/page"}],"author":[{"embeddable":true,"href":"https:\/\/restmodules.lt\/en\/wp-json\/wp\/v2\/users\/1"}],"replies":[{"embeddable":true,"href":"https:\/\/restmodules.lt\/en\/wp-json\/wp\/v2\/comments?post=3380"}],"version-history":[{"count":11,"href":"https:\/\/restmodules.lt\/en\/wp-json\/wp\/v2\/pages\/3380\/revisions"}],"predecessor-version":[{"id":3485,"href":"https:\/\/restmodules.lt\/en\/wp-json\/wp\/v2\/pages\/3380\/revisions\/3485"}],"wp:attachment":[{"href":"https:\/\/restmodules.lt\/en\/wp-json\/wp\/v2\/media?parent=3380"}],"curies":[{"name":"wp","href":"https:\/\/api.w.org\/{rel}","templated":true}]}}