{"id":3240,"date":"2025-05-07T15:05:26","date_gmt":"2025-05-07T12:05:26","guid":{"rendered":"https:\/\/restmodules.lt\/?page_id=3240"},"modified":"2025-05-07T15:06:18","modified_gmt":"2025-05-07T12:06:18","slug":"slapuku-politika","status":"publish","type":"page","link":"https:\/\/restmodules.lt\/en\/slapuku-politika\/","title":{"rendered":"Cookies policy"},"content":{"rendered":"<div data-elementor-type=\"wp-page\" data-elementor-id=\"3240\" class=\"elementor elementor-3240\" data-elementor-post-type=\"page\">\n\t\t\t\t<div class=\"elementor-element elementor-element-84d9abf e-con-full e-flex e-con e-parent\" data-id=\"84d9abf\" data-element_type=\"container\" data-e-type=\"container\" data-settings=\"{&quot;background_background&quot;:&quot;classic&quot;}\">\n\t\t\t\t<div class=\"elementor-element elementor-element-77428e9 elementor-widget elementor-widget-heading\" data-id=\"77428e9\" data-element_type=\"widget\" data-e-type=\"widget\" data-widget_type=\"heading.default\">\n\t\t\t\t\t<h1 class=\"elementor-heading-title elementor-size-default\">Cookies policy<\/h1>\t\t\t\t<\/div>\n\t\t\t\t<\/div>\n\t\t<div class=\"elementor-element elementor-element-56bd2a7 e-flex e-con-boxed e-con e-parent\" data-id=\"56bd2a7\" data-element_type=\"container\" data-e-type=\"container\">\n\t\t\t\t\t<div class=\"e-con-inner\">\n\t\t\t\t<div class=\"elementor-element elementor-element-85b6966 elementor-widget elementor-widget-text-editor\" data-id=\"85b6966\" data-element_type=\"widget\" data-e-type=\"widget\" data-widget_type=\"text-editor.default\">\n\t\t\t\t\t\t\t\t\t<h5>Kas yra slapukai?<\/h5><div class=\"cookie-policy-p\"><p>\u0160ioje slapuk\u0173 politikoje paai\u0161kinama, kas yra slapukai ir kaip juos naudojame, kokius slapukus naudojame, t. y. koki\u0105 informacij\u0105 renkame naudodami slapukus ir kaip \u0161i informacija naudojama bei kaip tvarkyti slapuk\u0173 nustatymus.<\/p><p>Slapukai. yra ma\u017ei tekstiniai failai, naudojami ma\u017eoms informacijos dalims saugoti. Jie saugomi j\u016bs\u0173 \u012frenginyje, kai svetain\u0117 \u012fkeliama \u012f j\u016bs\u0173 nar\u0161ykl\u0119. \u0160ie slapukai padeda mums u\u017etikrinti, kad svetain\u0117 tinkamai veikt\u0173, saugesn\u0117, geresn\u0117 vartotojo patirtis, suprasti, kaip veikia svetain\u0117, ir analizuoti, kas veikia ir kur j\u0105 reikia tobulinti.<\/p><\/div><h5>Kaip naudojame slapukus?<\/h5><div class=\"cookie-policy-p\"><p>Kaip ir dauguma internetini\u0173 paslaug\u0173, m\u016bs\u0173 svetain\u0117 keliais tikslais naudoja pirmosios ir tre\u010diosios \u0161alies slapukus. Pirmosios \u0161alies slapukai da\u017eniausiai reikalingi, kad svetain\u0117 veikt\u0173 tinkamai, ir jie nerenka joki\u0173 j\u016bs\u0173 asmen\u012f identifikuojan\u010di\u0173 duomen\u0173.<\/p><p>M\u016bs\u0173 svetain\u0117je naudojami tre\u010di\u0173j\u0173 \u0161ali\u0173 slapukai daugiausia skirti suprasti, kaip svetain\u0117s veikim\u0105, kaip j\u016bs s\u0105veikaujate su m\u016bs\u0173 svetaine, u\u017etikriname m\u016bs\u0173 paslaug\u0173 saug\u0105, pateikiame jums aktualias reklamas ir, apskritai, suteikiame jums geresn\u0119 ir geresn\u0119 vartotojo patirt\u012f bei padedate paspartinti b\u016bsim\u0105 s\u0105veik\u0105 su m\u016bs\u0173 svetaine.<\/p><\/div><h5>M\u016bs\u0173 naudojami slapukai<\/h5><div class=\"cky-audit-table-element\">\u00a0<\/div><h5 style=\"margin-bottom: 20px;\">Slapuk\u0173 nustatymai<\/h5><p><a class=\"cky-banner-element\">Tvarkyti slapuk\u0173 sutikimus<\/a><\/p><div><p>Galite bet kada pakeisti savo slapuk\u0173 nuostatas spustel\u0117dami auk\u0161\u010diau esant\u012f mygtuk\u0105. Taip gal\u0117site i\u0161 naujo per\u017ei\u016br\u0117ti sutikimo su slapukais reklamjuost\u0119 ir pakeisti savo nuostatas arba i\u0161 karto at\u0161aukti sutikim\u0105.<\/p><p>Be to, skirtingos nar\u0161ykl\u0117s si\u016blo skirtingus metodus, kaip blokuoti ir i\u0161trinti svetaini\u0173 naudojamus slapukus. Galite pakeisti savo nar\u0161ykl\u0117s nustatymus, kad blokuotum\u0117te\/i\u0161trintum\u0117te slapukus. \u017demiau pateiktos nuorodos \u012f palaikymo dokumentus, kaip valdyti ir i\u0161trinti slapukus i\u0161 pagrindini\u0173 interneto nar\u0161ykli\u0173.<\/p><p>Chrome: <a href=\"https:\/\/support.google.com\/accounts\/answer\/32050\" target=\"_blank\" rel=\"noopener noreferrer\">https:\/\/support.google.com\/accounts\/answer\/32050<\/a><\/p><p>Safari: <a href=\"https:\/\/support.apple.com\/en-in\/guide\/safari\/sfri11471\/mac\" target=\"_blank\" rel=\"noopener noreferrer\">https:\/\/support.apple.com\/en-in\/guide\/safari\/sfri11471\/mac<\/a><\/p><p>Firefox: <a href=\"https:\/\/support.mozilla.org\/en-US\/kb\/clear-cookies-and-site-data-firefox?redirectslug=delete-cookies-remove-info-websites-stored&amp;redirectlocale=en-US\" target=\"_blank\" rel=\"noopener noreferrer\">https:\/\/support.mozilla.org\/en-US\/kb\/clear-cookies-and-site-data-firefox?redirectslug=delete-cookies-remove-info-websites-stored&amp;redirectlocale=en-US<\/a><\/p><p>Internet Explorer: <a href=\"https:\/\/support.microsoft.com\/en-us\/topic\/how-to-delete-cookie-files-in-internet-explorer-bca9446f-d873-78de-77ba-d42645fa52fc\" target=\"_blank\" rel=\"noopener noreferrer\">https:\/\/support.microsoft.com\/en-us\/topic\/how-to-delete-cookie-files-in-internet-explorer-bca9446f-d873-78de-77ba-d42645fa52fc<\/a><\/p><p>Jei naudojate kit\u0105 \u017einiatinklio nar\u0161ykl\u0119, apsilankykite oficialiuose nar\u0161ykl\u0117s palaikymo dokumentuose.<\/p><\/div>\t\t\t\t\t\t\t\t<\/div>\n\t\t\t\t\t<\/div>\n\t\t\t\t<\/div>\n\t\t<div class=\"elementor-element elementor-element-863bce5 e-con-full e-flex e-con e-parent\" data-id=\"863bce5\" data-element_type=\"container\" data-e-type=\"container\">\n\t\t<div class=\"elementor-element elementor-element-a01e49b e-con-full e-flex e-con e-child\" data-id=\"a01e49b\" data-element_type=\"container\" data-e-type=\"container\" data-settings=\"{&quot;background_background&quot;:&quot;classic&quot;}\">\n\t\t\t\t<div class=\"elementor-element elementor-element-eb0715e elementor-widget elementor-widget-heading\" data-id=\"eb0715e\" data-element_type=\"widget\" data-e-type=\"widget\" data-widget_type=\"heading.default\">\n\t\t\t\t\t<h2 class=\"elementor-heading-title elementor-size-default\">Need an individual solution?<\/h2>\t\t\t\t<\/div>\n\t\t\t\t<div class=\"elementor-element elementor-element-c9765d0 elementor-align-center elementor-widget elementor-widget-button\" data-id=\"c9765d0\" data-element_type=\"widget\" data-e-type=\"widget\" data-widget_type=\"button.default\">\n\t\t\t\t\t\t\t\t\t\t<a class=\"elementor-button elementor-button-link elementor-size-sm elementor-animation-grow\" href=\"#\">\n\t\t\t\t\t\t<span class=\"elementor-button-content-wrapper\">\n\t\t\t\t\t\t\t\t\t<span class=\"elementor-button-text\">Send inquiry<\/span>\n\t\t\t\t\t<\/span>\n\t\t\t\t\t<\/a>\n\t\t\t\t\t\t\t\t<\/div>\n\t\t\t\t<\/div>\n\t\t\t\t<\/div>\n\t\t\t\t<\/div>","protected":false},"excerpt":{"rendered":"<p>Slapuk\u0173 politika Kas yra slapukai? \u0160ioje slapuk\u0173 politikoje paai\u0161kinama, kas yra slapukai ir kaip juos naudojame, kokius slapukus naudojame, t. y. koki\u0105 informacij\u0105 renkame naudodami slapukus ir kaip \u0161i informacija naudojama bei kaip tvarkyti slapuk\u0173 nustatymus. Slapukai. yra ma\u017ei tekstiniai failai, naudojami ma\u017eoms informacijos dalims saugoti. Jie saugomi j\u016bs\u0173 \u012frenginyje, kai svetain\u0117 \u012fkeliama \u012f j\u016bs\u0173 [&hellip;]<\/p>\n","protected":false},"author":4,"featured_media":0,"parent":0,"menu_order":0,"comment_status":"closed","ping_status":"closed","template":"","meta":{"footnotes":""},"class_list":["post-3240","page","type-page","status-publish","hentry"],"yoast_head":"<!-- This site is optimized with the Yoast SEO plugin v26.8 - https:\/\/yoast.com\/product\/yoast-seo-wordpress\/ -->\n<title>Slapuk\u0173 politika - Rest Modules | Moduliniai namai<\/title>\n<meta name=\"robots\" content=\"index, follow, max-snippet:-1, max-image-preview:large, max-video-preview:-1\" \/>\n<link rel=\"canonical\" href=\"https:\/\/restmodules.lt\/en\/slapuku-politika\/\" \/>\n<meta property=\"og:locale\" content=\"en_US\" \/>\n<meta property=\"og:type\" content=\"article\" \/>\n<meta property=\"og:title\" content=\"Slapuk\u0173 politika - Rest Modules | Moduliniai namai\" \/>\n<meta property=\"og:description\" content=\"Slapuk\u0173 politika Kas yra slapukai? \u0160ioje slapuk\u0173 politikoje paai\u0161kinama, kas yra slapukai ir kaip juos naudojame, kokius slapukus naudojame, t. y. koki\u0105 informacij\u0105 renkame naudodami slapukus ir kaip \u0161i informacija naudojama bei kaip tvarkyti slapuk\u0173 nustatymus. Slapukai. yra ma\u017ei tekstiniai failai, naudojami ma\u017eoms informacijos dalims saugoti. Jie saugomi j\u016bs\u0173 \u012frenginyje, kai svetain\u0117 \u012fkeliama \u012f j\u016bs\u0173 [&hellip;]\" \/>\n<meta property=\"og:url\" content=\"https:\/\/restmodules.lt\/en\/slapuku-politika\/\" \/>\n<meta property=\"og:site_name\" content=\"Rest Modules | Moduliniai namai\" \/>\n<meta property=\"article:modified_time\" content=\"2025-05-07T12:06:18+00:00\" \/>\n<meta name=\"twitter:card\" content=\"summary_large_image\" \/>\n<meta name=\"twitter:label1\" content=\"Est. reading time\" \/>\n\t<meta name=\"twitter:data1\" content=\"2 minutes\" \/>\n<script type=\"application\/ld+json\" class=\"yoast-schema-graph\">{\"@context\":\"https:\/\/schema.org\",\"@graph\":[{\"@type\":\"WebPage\",\"@id\":\"https:\/\/restmodules.lt\/slapuku-politika\/\",\"url\":\"https:\/\/restmodules.lt\/slapuku-politika\/\",\"name\":\"Slapuk\u0173 politika - Rest Modules | Moduliniai namai\",\"isPartOf\":{\"@id\":\"https:\/\/restmodules.lt\/#website\"},\"datePublished\":\"2025-05-07T12:05:26+00:00\",\"dateModified\":\"2025-05-07T12:06:18+00:00\",\"breadcrumb\":{\"@id\":\"https:\/\/restmodules.lt\/slapuku-politika\/#breadcrumb\"},\"inLanguage\":\"en-US\",\"potentialAction\":[{\"@type\":\"ReadAction\",\"target\":[\"https:\/\/restmodules.lt\/slapuku-politika\/\"]}]},{\"@type\":\"BreadcrumbList\",\"@id\":\"https:\/\/restmodules.lt\/slapuku-politika\/#breadcrumb\",\"itemListElement\":[{\"@type\":\"ListItem\",\"position\":1,\"name\":\"Pradinis\",\"item\":\"https:\/\/restmodules.lt\/\"},{\"@type\":\"ListItem\",\"position\":2,\"name\":\"Slapuk\u0173 politika\"}]},{\"@type\":\"WebSite\",\"@id\":\"https:\/\/restmodules.lt\/#website\",\"url\":\"https:\/\/restmodules.lt\/\",\"name\":\"Rest Modules | Moduliniai namai\",\"description\":\"Greitas ir unikalus j\u016bs\u0173 svajoni\u0173 namo i\u0161pildymas!\",\"publisher\":{\"@id\":\"https:\/\/restmodules.lt\/#organization\"},\"potentialAction\":[{\"@type\":\"SearchAction\",\"target\":{\"@type\":\"EntryPoint\",\"urlTemplate\":\"https:\/\/restmodules.lt\/?s={search_term_string}\"},\"query-input\":{\"@type\":\"PropertyValueSpecification\",\"valueRequired\":true,\"valueName\":\"search_term_string\"}}],\"inLanguage\":\"en-US\"},{\"@type\":\"Organization\",\"@id\":\"https:\/\/restmodules.lt\/#organization\",\"name\":\"Rest Modules | Moduliniai namai\",\"url\":\"https:\/\/restmodules.lt\/\",\"logo\":{\"@type\":\"ImageObject\",\"inLanguage\":\"en-US\",\"@id\":\"https:\/\/restmodules.lt\/#\/schema\/logo\/image\/\",\"url\":\"https:\/\/restmodules.lt\/wp-content\/uploads\/2024\/11\/RestModules-white.png\",\"contentUrl\":\"https:\/\/restmodules.lt\/wp-content\/uploads\/2024\/11\/RestModules-white.png\",\"width\":600,\"height\":276,\"caption\":\"Rest Modules | Moduliniai namai\"},\"image\":{\"@id\":\"https:\/\/restmodules.lt\/#\/schema\/logo\/image\/\"}}]}<\/script>\n<!-- \/ Yoast SEO plugin. -->","yoast_head_json":{"title":"Slapuk\u0173 politika - Rest Modules | Moduliniai namai","robots":{"index":"index","follow":"follow","max-snippet":"max-snippet:-1","max-image-preview":"max-image-preview:large","max-video-preview":"max-video-preview:-1"},"canonical":"https:\/\/restmodules.lt\/en\/slapuku-politika\/","og_locale":"en_US","og_type":"article","og_title":"Slapuk\u0173 politika - Rest Modules | Moduliniai namai","og_description":"Slapuk\u0173 politika Kas yra slapukai? \u0160ioje slapuk\u0173 politikoje paai\u0161kinama, kas yra slapukai ir kaip juos naudojame, kokius slapukus naudojame, t. y. koki\u0105 informacij\u0105 renkame naudodami slapukus ir kaip \u0161i informacija naudojama bei kaip tvarkyti slapuk\u0173 nustatymus. Slapukai. yra ma\u017ei tekstiniai failai, naudojami ma\u017eoms informacijos dalims saugoti. Jie saugomi j\u016bs\u0173 \u012frenginyje, kai svetain\u0117 \u012fkeliama \u012f j\u016bs\u0173 [&hellip;]","og_url":"https:\/\/restmodules.lt\/en\/slapuku-politika\/","og_site_name":"Rest Modules | Moduliniai namai","article_modified_time":"2025-05-07T12:06:18+00:00","twitter_card":"summary_large_image","twitter_misc":{"Est. reading time":"2 minutes"},"schema":{"@context":"https:\/\/schema.org","@graph":[{"@type":"WebPage","@id":"https:\/\/restmodules.lt\/slapuku-politika\/","url":"https:\/\/restmodules.lt\/slapuku-politika\/","name":"Slapuk\u0173 politika - Rest Modules | Moduliniai namai","isPartOf":{"@id":"https:\/\/restmodules.lt\/#website"},"datePublished":"2025-05-07T12:05:26+00:00","dateModified":"2025-05-07T12:06:18+00:00","breadcrumb":{"@id":"https:\/\/restmodules.lt\/slapuku-politika\/#breadcrumb"},"inLanguage":"en-US","potentialAction":[{"@type":"ReadAction","target":["https:\/\/restmodules.lt\/slapuku-politika\/"]}]},{"@type":"BreadcrumbList","@id":"https:\/\/restmodules.lt\/slapuku-politika\/#breadcrumb","itemListElement":[{"@type":"ListItem","position":1,"name":"Pradinis","item":"https:\/\/restmodules.lt\/"},{"@type":"ListItem","position":2,"name":"Slapuk\u0173 politika"}]},{"@type":"WebSite","@id":"https:\/\/restmodules.lt\/#website","url":"https:\/\/restmodules.lt\/","name":"Rest Modules | Moduliniai namai","description":"Greitas ir unikalus j\u016bs\u0173 svajoni\u0173 namo i\u0161pildymas!","publisher":{"@id":"https:\/\/restmodules.lt\/#organization"},"potentialAction":[{"@type":"SearchAction","target":{"@type":"EntryPoint","urlTemplate":"https:\/\/restmodules.lt\/?s={search_term_string}"},"query-input":{"@type":"PropertyValueSpecification","valueRequired":true,"valueName":"search_term_string"}}],"inLanguage":"en-US"},{"@type":"Organization","@id":"https:\/\/restmodules.lt\/#organization","name":"Rest Modules | Moduliniai namai","url":"https:\/\/restmodules.lt\/","logo":{"@type":"ImageObject","inLanguage":"en-US","@id":"https:\/\/restmodules.lt\/#\/schema\/logo\/image\/","url":"https:\/\/restmodules.lt\/wp-content\/uploads\/2024\/11\/RestModules-white.png","contentUrl":"https:\/\/restmodules.lt\/wp-content\/uploads\/2024\/11\/RestModules-white.png","width":600,"height":276,"caption":"Rest Modules | Moduliniai namai"},"image":{"@id":"https:\/\/restmodules.lt\/#\/schema\/logo\/image\/"}}]}},"_links":{"self":[{"href":"https:\/\/restmodules.lt\/en\/wp-json\/wp\/v2\/pages\/3240","targetHints":{"allow":["GET"]}}],"collection":[{"href":"https:\/\/restmodules.lt\/en\/wp-json\/wp\/v2\/pages"}],"about":[{"href":"https:\/\/restmodules.lt\/en\/wp-json\/wp\/v2\/types\/page"}],"author":[{"embeddable":true,"href":"https:\/\/restmodules.lt\/en\/wp-json\/wp\/v2\/users\/4"}],"replies":[{"embeddable":true,"href":"https:\/\/restmodules.lt\/en\/wp-json\/wp\/v2\/comments?post=3240"}],"version-history":[{"count":4,"href":"https:\/\/restmodules.lt\/en\/wp-json\/wp\/v2\/pages\/3240\/revisions"}],"predecessor-version":[{"id":3244,"href":"https:\/\/restmodules.lt\/en\/wp-json\/wp\/v2\/pages\/3240\/revisions\/3244"}],"wp:attachment":[{"href":"https:\/\/restmodules.lt\/en\/wp-json\/wp\/v2\/media?parent=3240"}],"curies":[{"name":"wp","href":"https:\/\/api.w.org\/{rel}","templated":true}]}}