{"id":1797,"date":"2024-11-16T06:42:13","date_gmt":"2024-11-16T04:42:13","guid":{"rendered":"https:\/\/restmodules.lt\/?page_id=1797"},"modified":"2025-01-17T00:20:22","modified_gmt":"2025-01-16T22:20:22","slug":"privatumo-politika","status":"publish","type":"page","link":"https:\/\/restmodules.lt\/en\/privatumo-politika\/","title":{"rendered":"Privacy policy"},"content":{"rendered":"<div data-elementor-type=\"wp-page\" data-elementor-id=\"1797\" class=\"elementor elementor-1797\" data-elementor-post-type=\"page\">\n\t\t\t\t<div class=\"elementor-element elementor-element-84d9abf e-con-full e-flex e-con e-parent\" data-id=\"84d9abf\" data-element_type=\"container\" data-e-type=\"container\" data-settings=\"{&quot;background_background&quot;:&quot;classic&quot;}\">\n\t\t\t\t<div class=\"elementor-element elementor-element-77428e9 elementor-widget elementor-widget-heading\" data-id=\"77428e9\" data-element_type=\"widget\" data-e-type=\"widget\" data-widget_type=\"heading.default\">\n\t\t\t\t\t<h1 class=\"elementor-heading-title elementor-size-default\">Privacy policy<\/h1>\t\t\t\t<\/div>\n\t\t\t\t<div class=\"elementor-element elementor-element-d6a2293 elementor-widget elementor-widget-text-editor\" data-id=\"d6a2293\" data-element_type=\"widget\" data-e-type=\"widget\" data-widget_type=\"text-editor.default\">\n\t\t\t\t\t\t\t\t\t<p>Mes gerbiame J\u016bs\u0173 privatum\u0105<\/p>\t\t\t\t\t\t\t\t<\/div>\n\t\t\t\t<\/div>\n\t\t<div class=\"elementor-element elementor-element-56bd2a7 e-flex e-con-boxed e-con e-parent\" data-id=\"56bd2a7\" data-element_type=\"container\" data-e-type=\"container\">\n\t\t\t\t\t<div class=\"e-con-inner\">\n\t\t\t\t<div class=\"elementor-element elementor-element-85b6966 elementor-widget elementor-widget-text-editor\" data-id=\"85b6966\" data-element_type=\"widget\" data-e-type=\"widget\" data-widget_type=\"text-editor.default\">\n\t\t\t\t\t\t\t\t\t<p>UAB \u201eRest modules\u201c (toliau \u2013 Bendrov\u0117) gerbia ir saugo J\u016bs\u0173 privatum\u0105. \u0160ioje privatumo politikoje paai\u0161kiname, kaip renkame, naudojame, saugome ir dalinam\u0117s J\u016bs\u0173 asmens duomenimis.<\/p><p><strong>1. Atsakingas subjektas<\/strong> Rekvizitai:<\/p><ul data-spread=\"false\"><li><p>UAB \u201eRest modules\u201c<\/p><\/li><li><p>Office: Ateities pl. 40, Kaunas<\/p><\/li><li><p>Telefonas: +370 677 99355, +370 612 66612<\/p><\/li><li><p>Email: <a>info@restmodules.lt<\/a><\/p><\/li><\/ul><p><strong>2. Kokius duomenis renkame?<\/strong><\/p><ul data-spread=\"false\"><li><p>Kontaktin\u0117 informacija: vardas, pavard\u0117, telefono numeris, el. pa\u0161to adresas.<\/p><\/li><li><p>Su pirkimais susijusi informacija: s\u0105skait\u0173 duomenys, mok\u0117jimo informacija.<\/p><\/li><li><p>Svetain\u0117s naudojimo duomenys: IP adresas, nar\u0161ymo istorija, slapukai.<\/p><\/li><\/ul><p><strong>3. Kaip naudojame J\u016bs\u0173 duomenis?<\/strong><\/p><ul data-spread=\"false\"><li><p>Paslaug\u0173 teikimui ir administravimui.<\/p><\/li><li><p>Klient\u0173 aptarnavimo ir komunikacijos palaikymui.<\/p><\/li><li><p>Teis\u0117t\u0173 interes\u0173 (pvz., s\u0105skait\u0173 valdymas) \u012fgyvendinimui.<\/p><\/li><li><p>Marketingo tikslais (tik gavus J\u016bs\u0173 sutikim\u0105).<\/p><\/li><\/ul><p><strong>4. Duomen\u0173 saugojimas<\/strong> J\u016bs\u0173 asmens duomenis saugome tiek, kiek tai b\u016btina \u012fgyvendinant auk\u0161\u010diau nurodytus tikslus, arba laikotarp\u012f, nustatyt\u0105 pagal teis\u0117s aktus.<\/p><p><strong>5. Duomen\u0173 perdavimas tretiesiems asmenims<\/strong> J\u016bs\u0173 duomenis galime perduoti:<\/p><ul data-spread=\"false\"><li><p>Teis\u0117s akt\u0173 nustatytais atvejais.<\/p><\/li><li><p>Paslaug\u0173 teik\u0117jams (pvz., IT, marketingo \u012frankiams), kurie padeda mums administruoti veikl\u0105.<\/p><\/li><\/ul><p><strong>6. J\u016bs\u0173 teis\u0117s<\/strong> J\u016bs turite teis\u0119:<\/p><ul data-spread=\"false\"><li><p>Susipa\u017einti su savo duomenimis.<\/p><\/li><li><p>Reikalauti i\u0161taisyti netikslius duomenis.<\/p><\/li><li><p>Pra\u0161yti i\u0161trinti savo duomenis (teis\u0117 \u201epamir\u0161ti\u201c).<\/p><\/li><li><p>Prie\u0161tarauti duomen\u0173 tvarkymui tiesiogin\u0117s rinkodaros tikslais.<\/p><\/li><\/ul><p><strong>7. Slapuk\u0173 politika<\/strong> Svetain\u0117je naudojami slapukai, siekiant pagerinti j\u016bs\u0173 nar\u0161ymo patirt\u012f. Pla\u010diau apie slapukus galite su\u017einoti slapuk\u0173 politikoje, paskelbtoje m\u016bs\u0173 svetain\u0117je.<\/p><p><strong>8. Kontaktai<\/strong> Jeigu turite klausim\u0173, susijusi\u0173 su J\u016bs\u0173 duomen\u0173 tvarkymu, kreipkit\u0117s:<\/p><ul data-spread=\"false\"><li><p>Telefonas: +370 677 99355, +370 612 66612<\/p><\/li><li><p>Email: <a>info@restmodules.lt<\/a><\/p><\/li><\/ul><p><strong>9. Privatumo politikos keitimas<\/strong> Bendrov\u0117 pasilieka teis\u0119 bet kuriuo metu atnaujinti privatumo politik\u0105. Naujausia politika visada bus paskelbta m\u016bs\u0173 svetain\u0117je.<\/p><p>\u0160i privatumo politika taikoma nuo jos paskelbimo datos.<\/p>\t\t\t\t\t\t\t\t<\/div>\n\t\t\t\t\t<\/div>\n\t\t\t\t<\/div>\n\t\t<div class=\"elementor-element elementor-element-863bce5 e-con-full e-flex e-con e-parent\" data-id=\"863bce5\" data-element_type=\"container\" data-e-type=\"container\">\n\t\t<div class=\"elementor-element elementor-element-a01e49b e-con-full e-flex e-con e-child\" data-id=\"a01e49b\" data-element_type=\"container\" data-e-type=\"container\" data-settings=\"{&quot;background_background&quot;:&quot;classic&quot;}\">\n\t\t\t\t<div class=\"elementor-element elementor-element-eb0715e elementor-widget elementor-widget-heading\" data-id=\"eb0715e\" data-element_type=\"widget\" data-e-type=\"widget\" data-widget_type=\"heading.default\">\n\t\t\t\t\t<h2 class=\"elementor-heading-title elementor-size-default\">Need an individual solution?<\/h2>\t\t\t\t<\/div>\n\t\t\t\t<div class=\"elementor-element elementor-element-c9765d0 elementor-align-center elementor-widget elementor-widget-button\" data-id=\"c9765d0\" data-element_type=\"widget\" data-e-type=\"widget\" data-widget_type=\"button.default\">\n\t\t\t\t\t\t\t\t\t\t<a class=\"elementor-button elementor-button-link elementor-size-sm elementor-animation-grow\" href=\"#\">\n\t\t\t\t\t\t<span class=\"elementor-button-content-wrapper\">\n\t\t\t\t\t\t\t\t\t<span class=\"elementor-button-text\">Send inquiry<\/span>\n\t\t\t\t\t<\/span>\n\t\t\t\t\t<\/a>\n\t\t\t\t\t\t\t\t<\/div>\n\t\t\t\t<\/div>\n\t\t\t\t<\/div>\n\t\t\t\t<\/div>","protected":false},"excerpt":{"rendered":"<p>Privatumo politika Mes gerbiame J\u016bs\u0173 privatum\u0105 UAB \u201eRest modules\u201c (toliau \u2013 Bendrov\u0117) gerbia ir saugo J\u016bs\u0173 privatum\u0105. \u0160ioje privatumo politikoje paai\u0161kiname, kaip renkame, naudojame, saugome ir dalinam\u0117s J\u016bs\u0173 asmens duomenimis. 1. Atsakingas subjektas Rekvizitai: UAB \u201eRest modules\u201c Office: Ateities pl. 40, Kaunas Telefonas: +370 677 99355, +370 612 66612 El. pa\u0161tas: info@restmodules.lt 2. Kokius duomenis [&hellip;]<\/p>\n","protected":false},"author":1,"featured_media":0,"parent":0,"menu_order":0,"comment_status":"closed","ping_status":"closed","template":"","meta":{"footnotes":""},"class_list":["post-1797","page","type-page","status-publish","hentry"],"yoast_head":"<!-- This site is optimized with the Yoast SEO plugin v26.8 - https:\/\/yoast.com\/product\/yoast-seo-wordpress\/ -->\n<title>Privatumo politika - Rest Modules | Moduliniai namai<\/title>\n<meta name=\"robots\" content=\"index, follow, max-snippet:-1, max-image-preview:large, max-video-preview:-1\" \/>\n<link rel=\"canonical\" href=\"https:\/\/restmodules.lt\/en\/privatumo-politika\/\" \/>\n<meta property=\"og:locale\" content=\"en_US\" \/>\n<meta property=\"og:type\" content=\"article\" \/>\n<meta property=\"og:title\" content=\"Privatumo politika - Rest Modules | Moduliniai namai\" \/>\n<meta property=\"og:description\" content=\"Privatumo politika Mes gerbiame J\u016bs\u0173 privatum\u0105 UAB \u201eRest modules\u201c (toliau \u2013 Bendrov\u0117) gerbia ir saugo J\u016bs\u0173 privatum\u0105. \u0160ioje privatumo politikoje paai\u0161kiname, kaip renkame, naudojame, saugome ir dalinam\u0117s J\u016bs\u0173 asmens duomenimis. 1. Atsakingas subjektas Rekvizitai: UAB \u201eRest modules\u201c Office: Ateities pl. 40, Kaunas Telefonas: +370 677 99355, +370 612 66612 El. pa\u0161tas: info@restmodules.lt 2. Kokius duomenis [&hellip;]\" \/>\n<meta property=\"og:url\" content=\"https:\/\/restmodules.lt\/en\/privatumo-politika\/\" \/>\n<meta property=\"og:site_name\" content=\"Rest Modules | Moduliniai namai\" \/>\n<meta property=\"article:modified_time\" content=\"2025-01-16T22:20:22+00:00\" \/>\n<meta name=\"twitter:card\" content=\"summary_large_image\" \/>\n<script type=\"application\/ld+json\" class=\"yoast-schema-graph\">{\"@context\":\"https:\/\/schema.org\",\"@graph\":[{\"@type\":\"WebPage\",\"@id\":\"https:\/\/restmodules.lt\/privatumo-politika\/\",\"url\":\"https:\/\/restmodules.lt\/privatumo-politika\/\",\"name\":\"Privatumo politika - Rest Modules | Moduliniai namai\",\"isPartOf\":{\"@id\":\"https:\/\/restmodules.lt\/#website\"},\"datePublished\":\"2024-11-16T04:42:13+00:00\",\"dateModified\":\"2025-01-16T22:20:22+00:00\",\"breadcrumb\":{\"@id\":\"https:\/\/restmodules.lt\/privatumo-politika\/#breadcrumb\"},\"inLanguage\":\"en-US\",\"potentialAction\":[{\"@type\":\"ReadAction\",\"target\":[\"https:\/\/restmodules.lt\/privatumo-politika\/\"]}]},{\"@type\":\"BreadcrumbList\",\"@id\":\"https:\/\/restmodules.lt\/privatumo-politika\/#breadcrumb\",\"itemListElement\":[{\"@type\":\"ListItem\",\"position\":1,\"name\":\"Pradinis\",\"item\":\"https:\/\/restmodules.lt\/\"},{\"@type\":\"ListItem\",\"position\":2,\"name\":\"Privatumo politika\"}]},{\"@type\":\"WebSite\",\"@id\":\"https:\/\/restmodules.lt\/#website\",\"url\":\"https:\/\/restmodules.lt\/\",\"name\":\"Rest Modules | Moduliniai namai\",\"description\":\"Greitas ir unikalus j\u016bs\u0173 svajoni\u0173 namo i\u0161pildymas!\",\"publisher\":{\"@id\":\"https:\/\/restmodules.lt\/#organization\"},\"potentialAction\":[{\"@type\":\"SearchAction\",\"target\":{\"@type\":\"EntryPoint\",\"urlTemplate\":\"https:\/\/restmodules.lt\/?s={search_term_string}\"},\"query-input\":{\"@type\":\"PropertyValueSpecification\",\"valueRequired\":true,\"valueName\":\"search_term_string\"}}],\"inLanguage\":\"en-US\"},{\"@type\":\"Organization\",\"@id\":\"https:\/\/restmodules.lt\/#organization\",\"name\":\"Rest Modules | Moduliniai namai\",\"url\":\"https:\/\/restmodules.lt\/\",\"logo\":{\"@type\":\"ImageObject\",\"inLanguage\":\"en-US\",\"@id\":\"https:\/\/restmodules.lt\/#\/schema\/logo\/image\/\",\"url\":\"https:\/\/restmodules.lt\/wp-content\/uploads\/2024\/11\/RestModules-white.png\",\"contentUrl\":\"https:\/\/restmodules.lt\/wp-content\/uploads\/2024\/11\/RestModules-white.png\",\"width\":600,\"height\":276,\"caption\":\"Rest Modules | Moduliniai namai\"},\"image\":{\"@id\":\"https:\/\/restmodules.lt\/#\/schema\/logo\/image\/\"}}]}<\/script>\n<!-- \/ Yoast SEO plugin. -->","yoast_head_json":{"title":"Privatumo politika - Rest Modules | Moduliniai namai","robots":{"index":"index","follow":"follow","max-snippet":"max-snippet:-1","max-image-preview":"max-image-preview:large","max-video-preview":"max-video-preview:-1"},"canonical":"https:\/\/restmodules.lt\/en\/privatumo-politika\/","og_locale":"en_US","og_type":"article","og_title":"Privatumo politika - Rest Modules | Moduliniai namai","og_description":"Privatumo politika Mes gerbiame J\u016bs\u0173 privatum\u0105 UAB \u201eRest modules\u201c (toliau \u2013 Bendrov\u0117) gerbia ir saugo J\u016bs\u0173 privatum\u0105. \u0160ioje privatumo politikoje paai\u0161kiname, kaip renkame, naudojame, saugome ir dalinam\u0117s J\u016bs\u0173 asmens duomenimis. 1. Atsakingas subjektas Rekvizitai: UAB \u201eRest modules\u201c Office: Ateities pl. 40, Kaunas Telefonas: +370 677 99355, +370 612 66612 El. pa\u0161tas: info@restmodules.lt 2. Kokius duomenis [&hellip;]","og_url":"https:\/\/restmodules.lt\/en\/privatumo-politika\/","og_site_name":"Rest Modules | Moduliniai namai","article_modified_time":"2025-01-16T22:20:22+00:00","twitter_card":"summary_large_image","schema":{"@context":"https:\/\/schema.org","@graph":[{"@type":"WebPage","@id":"https:\/\/restmodules.lt\/privatumo-politika\/","url":"https:\/\/restmodules.lt\/privatumo-politika\/","name":"Privatumo politika - Rest Modules | Moduliniai namai","isPartOf":{"@id":"https:\/\/restmodules.lt\/#website"},"datePublished":"2024-11-16T04:42:13+00:00","dateModified":"2025-01-16T22:20:22+00:00","breadcrumb":{"@id":"https:\/\/restmodules.lt\/privatumo-politika\/#breadcrumb"},"inLanguage":"en-US","potentialAction":[{"@type":"ReadAction","target":["https:\/\/restmodules.lt\/privatumo-politika\/"]}]},{"@type":"BreadcrumbList","@id":"https:\/\/restmodules.lt\/privatumo-politika\/#breadcrumb","itemListElement":[{"@type":"ListItem","position":1,"name":"Pradinis","item":"https:\/\/restmodules.lt\/"},{"@type":"ListItem","position":2,"name":"Privatumo politika"}]},{"@type":"WebSite","@id":"https:\/\/restmodules.lt\/#website","url":"https:\/\/restmodules.lt\/","name":"Rest Modules | Moduliniai namai","description":"Greitas ir unikalus j\u016bs\u0173 svajoni\u0173 namo i\u0161pildymas!","publisher":{"@id":"https:\/\/restmodules.lt\/#organization"},"potentialAction":[{"@type":"SearchAction","target":{"@type":"EntryPoint","urlTemplate":"https:\/\/restmodules.lt\/?s={search_term_string}"},"query-input":{"@type":"PropertyValueSpecification","valueRequired":true,"valueName":"search_term_string"}}],"inLanguage":"en-US"},{"@type":"Organization","@id":"https:\/\/restmodules.lt\/#organization","name":"Rest Modules | Moduliniai namai","url":"https:\/\/restmodules.lt\/","logo":{"@type":"ImageObject","inLanguage":"en-US","@id":"https:\/\/restmodules.lt\/#\/schema\/logo\/image\/","url":"https:\/\/restmodules.lt\/wp-content\/uploads\/2024\/11\/RestModules-white.png","contentUrl":"https:\/\/restmodules.lt\/wp-content\/uploads\/2024\/11\/RestModules-white.png","width":600,"height":276,"caption":"Rest Modules | Moduliniai namai"},"image":{"@id":"https:\/\/restmodules.lt\/#\/schema\/logo\/image\/"}}]}},"_links":{"self":[{"href":"https:\/\/restmodules.lt\/en\/wp-json\/wp\/v2\/pages\/1797","targetHints":{"allow":["GET"]}}],"collection":[{"href":"https:\/\/restmodules.lt\/en\/wp-json\/wp\/v2\/pages"}],"about":[{"href":"https:\/\/restmodules.lt\/en\/wp-json\/wp\/v2\/types\/page"}],"author":[{"embeddable":true,"href":"https:\/\/restmodules.lt\/en\/wp-json\/wp\/v2\/users\/1"}],"replies":[{"embeddable":true,"href":"https:\/\/restmodules.lt\/en\/wp-json\/wp\/v2\/comments?post=1797"}],"version-history":[{"count":10,"href":"https:\/\/restmodules.lt\/en\/wp-json\/wp\/v2\/pages\/1797\/revisions"}],"predecessor-version":[{"id":2967,"href":"https:\/\/restmodules.lt\/en\/wp-json\/wp\/v2\/pages\/1797\/revisions\/2967"}],"wp:attachment":[{"href":"https:\/\/restmodules.lt\/en\/wp-json\/wp\/v2\/media?parent=1797"}],"curies":[{"name":"wp","href":"https:\/\/api.w.org\/{rel}","templated":true}]}}