{"id":1665,"date":"2024-11-14T14:49:12","date_gmt":"2024-11-14T12:49:12","guid":{"rendered":"https:\/\/restmodules.lt\/?page_id=1665"},"modified":"2025-10-08T10:45:51","modified_gmt":"2025-10-08T07:45:51","slug":"apie-mus","status":"publish","type":"page","link":"https:\/\/restmodules.lt\/en\/apie-mus\/","title":{"rendered":"About us"},"content":{"rendered":"<div data-elementor-type=\"wp-page\" data-elementor-id=\"1665\" class=\"elementor elementor-1665\" data-elementor-post-type=\"page\">\n\t\t\t\t<div class=\"elementor-element elementor-element-84d9abf e-flex e-con-boxed e-con e-parent\" data-id=\"84d9abf\" data-element_type=\"container\" data-e-type=\"container\" data-settings=\"{&quot;background_background&quot;:&quot;classic&quot;}\">\n\t\t\t\t\t<div class=\"e-con-inner\">\n\t\t\t\t<div class=\"elementor-element elementor-element-77428e9 elementor-widget elementor-widget-heading\" data-id=\"77428e9\" data-element_type=\"widget\" data-e-type=\"widget\" data-widget_type=\"heading.default\">\n\t\t\t\t\t<h1 class=\"elementor-heading-title elementor-size-default\">About us<\/h1>\t\t\t\t<\/div>\n\t\t\t\t<div class=\"elementor-element elementor-element-85b6966 elementor-widget elementor-widget-text-editor\" data-id=\"85b6966\" data-element_type=\"widget\" data-e-type=\"widget\" data-widget_type=\"text-editor.default\">\n\t\t\t\t\t\t\t\t\t<p><b>We are ready to fulfill your dream - to build a modular house that is comfortable to live in and good to return to.<\/b><\/p><p><span style=\"font-weight: 400;\">Our goal is not only to help you realize your dream home vision, but also to implement it down to the smallest detail. At the same time, we assess your needs: the size of the house, the location of the plot, the purpose of the building, the necessary amenities, finishing details and other important aspects.<\/span><\/p><p><span style=\"font-weight: 400;\">We offer modular projects of various sizes and layouts, which you can adapt to your needs. We create each project individually - we discuss the location of the future construction, select the most suitable equipment, plan all the amenities and details. This is how your unique modular house project is born.<\/span><\/p><p><span style=\"font-weight: 400;\">A team of experienced designers and construction specialists will plan all the work - from the first stage to the handover of the house. Together, we confirm the construction deadlines, estimate and ensure that all processes run smoothly and on time.<\/span><\/p><p><span style=\"font-weight: 400;\">We keep you informed about the progress of the production process, so you always know what's happening.<\/span><\/p><p><span style=\"font-weight: 400;\">When your dream home is ready, we take care of its delivery and installation on your plot.<\/span><\/p><p><b style=\"color: var( --e-global-color-text ); font-family: var( --e-global-typography-text-font-family ), Sans-serif; font-size: var( --e-global-typography-text-font-size );\">Our uniqueness:<\/b><\/p><p><b>Many years of experience in the construction sector<\/b><span style=\"font-weight: 400;\"><br \/><\/span><span style=\"font-weight: 400;\">Our team has many years of experience, ensuring successful project implementation and the highest quality.<\/span><\/p><p><b>A team of professional specialists<\/b><span style=\"font-weight: 400;\"><br \/><\/span><span style=\"font-weight: 400;\">We have assembled a team of qualified and experienced specialists who are ready to implement even the most complex projects.<\/span><\/p><p><b>Certified construction manager<\/b><span style=\"font-weight: 400;\"><br \/><\/span><span style=\"font-weight: 400;\">All construction processes are supervised by a certified construction manager, who guarantees the smooth running of the work and compliance with the highest standards.<\/span><\/p><p><b>Flexible project implementation<\/b><span style=\"font-weight: 400;\"><br \/><\/span><span style=\"font-weight: 400;\">We adapt to customer needs and offer individual solutions.<\/span><\/p><p><b>Attention to small details<\/b><span style=\"font-weight: 400;\"><br \/><\/span><span style=\"font-weight: 400;\">Each project is unique, so we pay special attention to the details that determine the overall whole.<\/span><\/p><p><b>Trust us and together we will create something beautiful and valuable!<\/b><\/p>\t\t\t\t\t\t\t\t<\/div>\n\t\t\t\t\t<\/div>\n\t\t\t\t<\/div>\n\t\t<div class=\"elementor-element elementor-element-863bce5 e-con-full e-flex e-con e-parent\" data-id=\"863bce5\" data-element_type=\"container\" data-e-type=\"container\">\n\t\t<div class=\"elementor-element elementor-element-a01e49b e-con-full e-flex e-con e-child\" data-id=\"a01e49b\" data-element_type=\"container\" data-e-type=\"container\" data-settings=\"{&quot;background_background&quot;:&quot;classic&quot;}\">\n\t\t\t\t<div class=\"elementor-element elementor-element-eb0715e elementor-widget elementor-widget-heading\" data-id=\"eb0715e\" data-element_type=\"widget\" data-e-type=\"widget\" data-widget_type=\"heading.default\">\n\t\t\t\t\t<h2 class=\"elementor-heading-title elementor-size-default\">Need an individual solution?<\/h2>\t\t\t\t<\/div>\n\t\t\t\t<div class=\"elementor-element elementor-element-c9765d0 elementor-align-center elementor-widget elementor-widget-button\" data-id=\"c9765d0\" data-element_type=\"widget\" data-e-type=\"widget\" data-widget_type=\"button.default\">\n\t\t\t\t\t\t\t\t\t\t<a class=\"elementor-button elementor-button-link elementor-size-sm elementor-animation-grow\" href=\"https:\/\/restmodules.lt\/en\/kontaktai\/\">\n\t\t\t\t\t\t<span class=\"elementor-button-content-wrapper\">\n\t\t\t\t\t\t\t\t\t<span class=\"elementor-button-text\">Send inquiry<\/span>\n\t\t\t\t\t<\/span>\n\t\t\t\t\t<\/a>\n\t\t\t\t\t\t\t\t<\/div>\n\t\t\t\t<\/div>\n\t\t\t\t<\/div>\n\t\t\t\t<\/div>","protected":false},"excerpt":{"rendered":"<p>Apie mus Mes pasiruo\u0161\u0119 i\u0161pildyti J\u016bs\u0173 svajon\u0119 \u2013 pastatyti modulin\u012f nam\u0105, kuriame jauku gyventi ir gera gr\u012f\u017eti. M\u016bs\u0173 tikslas \u2013 ne tik pad\u0117ti Jums i\u0161sigryninti svajoni\u0173 namo vizij\u0105, bet ir \u012fgyvendinti j\u0105 iki smulkmen\u0173. Kartu \u012fvertiname J\u016bs\u0173 poreikius: namo dyd\u012f, sklypo viet\u0105, pastato paskirt\u012f, reikalingus patogumus, apdailos detales ir kitus svarbius aspektus. Si\u016blome \u012fvairi\u0173 dyd\u017ei\u0173 [&hellip;]<\/p>\n","protected":false},"author":1,"featured_media":0,"parent":0,"menu_order":0,"comment_status":"closed","ping_status":"closed","template":"","meta":{"footnotes":""},"class_list":["post-1665","page","type-page","status-publish","hentry"],"yoast_head":"<!-- This site is optimized with the Yoast SEO plugin v26.8 - https:\/\/yoast.com\/product\/yoast-seo-wordpress\/ -->\n<title>Apie mus \u2013 Modulini\u0173 nam\u0173 gamintojai Lietuvoje - RestModules.lt<\/title>\n<meta name=\"description\" content=\"Mes pasiruo\u0161\u0119 i\u0161pildyti J\u016bs\u0173 svajon\u0119 \u2013 pastatyti modulin\u012f nam\u0105, kuriame jauku gyventi ir gera gr\u012f\u017eti. Si\u016blome \u012fvairi\u0173 dyd\u017ei\u0173 ir i\u0161planavim\u0173..\" \/>\n<meta name=\"robots\" content=\"index, follow, max-snippet:-1, max-image-preview:large, max-video-preview:-1\" \/>\n<link rel=\"canonical\" href=\"https:\/\/restmodules.lt\/en\/apie-mus\/\" \/>\n<meta property=\"og:locale\" content=\"en_US\" \/>\n<meta property=\"og:type\" content=\"article\" \/>\n<meta property=\"og:title\" content=\"Apie mus \u2013 Modulini\u0173 nam\u0173 gamintojai Lietuvoje - RestModules.lt\" \/>\n<meta property=\"og:description\" content=\"Mes pasiruo\u0161\u0119 i\u0161pildyti J\u016bs\u0173 svajon\u0119 \u2013 pastatyti modulin\u012f nam\u0105, kuriame jauku gyventi ir gera gr\u012f\u017eti. Si\u016blome \u012fvairi\u0173 dyd\u017ei\u0173 ir i\u0161planavim\u0173..\" \/>\n<meta property=\"og:url\" content=\"https:\/\/restmodules.lt\/en\/apie-mus\/\" \/>\n<meta property=\"og:site_name\" content=\"Rest Modules | Moduliniai namai\" \/>\n<meta property=\"article:modified_time\" content=\"2025-10-08T07:45:51+00:00\" \/>\n<meta name=\"twitter:card\" content=\"summary_large_image\" \/>\n<meta name=\"twitter:label1\" content=\"Est. reading time\" \/>\n\t<meta name=\"twitter:data1\" content=\"2 minutes\" \/>\n<script type=\"application\/ld+json\" class=\"yoast-schema-graph\">{\"@context\":\"https:\/\/schema.org\",\"@graph\":[{\"@type\":\"WebPage\",\"@id\":\"https:\/\/restmodules.lt\/apie-mus\/\",\"url\":\"https:\/\/restmodules.lt\/apie-mus\/\",\"name\":\"Apie mus \u2013 Modulini\u0173 nam\u0173 gamintojai Lietuvoje - RestModules.lt\",\"isPartOf\":{\"@id\":\"https:\/\/restmodules.lt\/#website\"},\"datePublished\":\"2024-11-14T12:49:12+00:00\",\"dateModified\":\"2025-10-08T07:45:51+00:00\",\"description\":\"Mes pasiruo\u0161\u0119 i\u0161pildyti J\u016bs\u0173 svajon\u0119 \u2013 pastatyti modulin\u012f nam\u0105, kuriame jauku gyventi ir gera gr\u012f\u017eti. Si\u016blome \u012fvairi\u0173 dyd\u017ei\u0173 ir i\u0161planavim\u0173..\",\"breadcrumb\":{\"@id\":\"https:\/\/restmodules.lt\/apie-mus\/#breadcrumb\"},\"inLanguage\":\"en-US\",\"potentialAction\":[{\"@type\":\"ReadAction\",\"target\":[\"https:\/\/restmodules.lt\/apie-mus\/\"]}]},{\"@type\":\"BreadcrumbList\",\"@id\":\"https:\/\/restmodules.lt\/apie-mus\/#breadcrumb\",\"itemListElement\":[{\"@type\":\"ListItem\",\"position\":1,\"name\":\"Pradinis\",\"item\":\"https:\/\/restmodules.lt\/\"},{\"@type\":\"ListItem\",\"position\":2,\"name\":\"Apie mus\"}]},{\"@type\":\"WebSite\",\"@id\":\"https:\/\/restmodules.lt\/#website\",\"url\":\"https:\/\/restmodules.lt\/\",\"name\":\"Rest Modules | Moduliniai namai\",\"description\":\"Greitas ir unikalus j\u016bs\u0173 svajoni\u0173 namo i\u0161pildymas!\",\"publisher\":{\"@id\":\"https:\/\/restmodules.lt\/#organization\"},\"potentialAction\":[{\"@type\":\"SearchAction\",\"target\":{\"@type\":\"EntryPoint\",\"urlTemplate\":\"https:\/\/restmodules.lt\/?s={search_term_string}\"},\"query-input\":{\"@type\":\"PropertyValueSpecification\",\"valueRequired\":true,\"valueName\":\"search_term_string\"}}],\"inLanguage\":\"en-US\"},{\"@type\":\"Organization\",\"@id\":\"https:\/\/restmodules.lt\/#organization\",\"name\":\"Rest Modules | Moduliniai namai\",\"url\":\"https:\/\/restmodules.lt\/\",\"logo\":{\"@type\":\"ImageObject\",\"inLanguage\":\"en-US\",\"@id\":\"https:\/\/restmodules.lt\/#\/schema\/logo\/image\/\",\"url\":\"https:\/\/restmodules.lt\/wp-content\/uploads\/2024\/11\/RestModules-white.png\",\"contentUrl\":\"https:\/\/restmodules.lt\/wp-content\/uploads\/2024\/11\/RestModules-white.png\",\"width\":600,\"height\":276,\"caption\":\"Rest Modules | Moduliniai namai\"},\"image\":{\"@id\":\"https:\/\/restmodules.lt\/#\/schema\/logo\/image\/\"}}]}<\/script>\n<!-- \/ Yoast SEO plugin. -->","yoast_head_json":{"title":"Apie mus \u2013 Modulini\u0173 nam\u0173 gamintojai Lietuvoje - RestModules.lt","description":"Mes pasiruo\u0161\u0119 i\u0161pildyti J\u016bs\u0173 svajon\u0119 \u2013 pastatyti modulin\u012f nam\u0105, kuriame jauku gyventi ir gera gr\u012f\u017eti. Si\u016blome \u012fvairi\u0173 dyd\u017ei\u0173 ir i\u0161planavim\u0173..","robots":{"index":"index","follow":"follow","max-snippet":"max-snippet:-1","max-image-preview":"max-image-preview:large","max-video-preview":"max-video-preview:-1"},"canonical":"https:\/\/restmodules.lt\/en\/apie-mus\/","og_locale":"en_US","og_type":"article","og_title":"Apie mus \u2013 Modulini\u0173 nam\u0173 gamintojai Lietuvoje - RestModules.lt","og_description":"Mes pasiruo\u0161\u0119 i\u0161pildyti J\u016bs\u0173 svajon\u0119 \u2013 pastatyti modulin\u012f nam\u0105, kuriame jauku gyventi ir gera gr\u012f\u017eti. Si\u016blome \u012fvairi\u0173 dyd\u017ei\u0173 ir i\u0161planavim\u0173..","og_url":"https:\/\/restmodules.lt\/en\/apie-mus\/","og_site_name":"Rest Modules | Moduliniai namai","article_modified_time":"2025-10-08T07:45:51+00:00","twitter_card":"summary_large_image","twitter_misc":{"Est. reading time":"2 minutes"},"schema":{"@context":"https:\/\/schema.org","@graph":[{"@type":"WebPage","@id":"https:\/\/restmodules.lt\/apie-mus\/","url":"https:\/\/restmodules.lt\/apie-mus\/","name":"Apie mus \u2013 Modulini\u0173 nam\u0173 gamintojai Lietuvoje - RestModules.lt","isPartOf":{"@id":"https:\/\/restmodules.lt\/#website"},"datePublished":"2024-11-14T12:49:12+00:00","dateModified":"2025-10-08T07:45:51+00:00","description":"Mes pasiruo\u0161\u0119 i\u0161pildyti J\u016bs\u0173 svajon\u0119 \u2013 pastatyti modulin\u012f nam\u0105, kuriame jauku gyventi ir gera gr\u012f\u017eti. Si\u016blome \u012fvairi\u0173 dyd\u017ei\u0173 ir i\u0161planavim\u0173..","breadcrumb":{"@id":"https:\/\/restmodules.lt\/apie-mus\/#breadcrumb"},"inLanguage":"en-US","potentialAction":[{"@type":"ReadAction","target":["https:\/\/restmodules.lt\/apie-mus\/"]}]},{"@type":"BreadcrumbList","@id":"https:\/\/restmodules.lt\/apie-mus\/#breadcrumb","itemListElement":[{"@type":"ListItem","position":1,"name":"Pradinis","item":"https:\/\/restmodules.lt\/"},{"@type":"ListItem","position":2,"name":"Apie mus"}]},{"@type":"WebSite","@id":"https:\/\/restmodules.lt\/#website","url":"https:\/\/restmodules.lt\/","name":"Rest Modules | Moduliniai namai","description":"Greitas ir unikalus j\u016bs\u0173 svajoni\u0173 namo i\u0161pildymas!","publisher":{"@id":"https:\/\/restmodules.lt\/#organization"},"potentialAction":[{"@type":"SearchAction","target":{"@type":"EntryPoint","urlTemplate":"https:\/\/restmodules.lt\/?s={search_term_string}"},"query-input":{"@type":"PropertyValueSpecification","valueRequired":true,"valueName":"search_term_string"}}],"inLanguage":"en-US"},{"@type":"Organization","@id":"https:\/\/restmodules.lt\/#organization","name":"Rest Modules | Moduliniai namai","url":"https:\/\/restmodules.lt\/","logo":{"@type":"ImageObject","inLanguage":"en-US","@id":"https:\/\/restmodules.lt\/#\/schema\/logo\/image\/","url":"https:\/\/restmodules.lt\/wp-content\/uploads\/2024\/11\/RestModules-white.png","contentUrl":"https:\/\/restmodules.lt\/wp-content\/uploads\/2024\/11\/RestModules-white.png","width":600,"height":276,"caption":"Rest Modules | Moduliniai namai"},"image":{"@id":"https:\/\/restmodules.lt\/#\/schema\/logo\/image\/"}}]}},"_links":{"self":[{"href":"https:\/\/restmodules.lt\/en\/wp-json\/wp\/v2\/pages\/1665","targetHints":{"allow":["GET"]}}],"collection":[{"href":"https:\/\/restmodules.lt\/en\/wp-json\/wp\/v2\/pages"}],"about":[{"href":"https:\/\/restmodules.lt\/en\/wp-json\/wp\/v2\/types\/page"}],"author":[{"embeddable":true,"href":"https:\/\/restmodules.lt\/en\/wp-json\/wp\/v2\/users\/1"}],"replies":[{"embeddable":true,"href":"https:\/\/restmodules.lt\/en\/wp-json\/wp\/v2\/comments?post=1665"}],"version-history":[{"count":151,"href":"https:\/\/restmodules.lt\/en\/wp-json\/wp\/v2\/pages\/1665\/revisions"}],"predecessor-version":[{"id":3527,"href":"https:\/\/restmodules.lt\/en\/wp-json\/wp\/v2\/pages\/1665\/revisions\/3527"}],"wp:attachment":[{"href":"https:\/\/restmodules.lt\/en\/wp-json\/wp\/v2\/media?parent=1665"}],"curies":[{"name":"wp","href":"https:\/\/api.w.org\/{rel}","templated":true}]}}