{"id":1571,"date":"2024-11-13T22:41:21","date_gmt":"2024-11-13T20:41:21","guid":{"rendered":"https:\/\/restmodules.lt\/?page_id=1571"},"modified":"2025-10-08T13:59:00","modified_gmt":"2025-10-08T10:59:00","slug":"kontaktai","status":"publish","type":"page","link":"https:\/\/restmodules.lt\/en\/kontaktai\/","title":{"rendered":"Contacts"},"content":{"rendered":"\t\t<div data-elementor-type=\"wp-page\" data-elementor-id=\"1571\" class=\"elementor elementor-1571\" data-elementor-post-type=\"page\">\n\t\t\t\t<div class=\"elementor-element elementor-element-84d9abf e-flex e-con-boxed e-con e-parent\" data-id=\"84d9abf\" data-element_type=\"container\" data-e-type=\"container\" data-settings=\"{&quot;background_background&quot;:&quot;classic&quot;}\">\n\t\t\t\t\t<div class=\"e-con-inner\">\n\t\t\t\t<div class=\"elementor-element elementor-element-77428e9 elementor-widget elementor-widget-heading\" data-id=\"77428e9\" data-element_type=\"widget\" data-e-type=\"widget\" data-widget_type=\"heading.default\">\n\t\t\t\t\t<h1 class=\"elementor-heading-title elementor-size-default\">Kontaktai<\/h1>\t\t\t\t<\/div>\n\t\t\t\t<div class=\"elementor-element elementor-element-d6a2293 elementor-widget elementor-widget-text-editor\" data-id=\"d6a2293\" data-element_type=\"widget\" data-e-type=\"widget\" data-widget_type=\"text-editor.default\">\n\t\t\t\t\t\t\t\t\t<p>Susisiekite greitai ir be vargo<\/p>\t\t\t\t\t\t\t\t<\/div>\n\t\t<div class=\"elementor-element elementor-element-09bc41a e-con-full e-flex e-con e-child\" data-id=\"09bc41a\" data-element_type=\"container\" data-e-type=\"container\">\n\t\t\t\t<div class=\"elementor-element elementor-element-1d3417d elementor-icon-list--layout-inline elementor-align-center elementor-list-item-link-full_width elementor-widget elementor-widget-icon-list\" data-id=\"1d3417d\" data-element_type=\"widget\" data-e-type=\"widget\" data-widget_type=\"icon-list.default\">\n\t\t\t\t\t\t\t<ul class=\"elementor-icon-list-items elementor-inline-items\">\n\t\t\t\t\t\t\t<li class=\"elementor-icon-list-item elementor-inline-item\">\n\t\t\t\t\t\t\t\t\t\t\t<a href=\"tel:061266612\">\n\n\t\t\t\t\t\t\t\t\t\t\t\t<span class=\"elementor-icon-list-icon\">\n\t\t\t\t\t\t\t<svg aria-hidden=\"true\" class=\"e-font-icon-svg e-fas-phone-volume\" viewBox=\"0 0 384 512\" xmlns=\"http:\/\/www.w3.org\/2000\/svg\"><path d=\"M97.333 506.966c-129.874-129.874-129.681-340.252 0-469.933 5.698-5.698 14.527-6.632 21.263-2.422l64.817 40.513a17.187 17.187 0 0 1 6.849 20.958l-32.408 81.021a17.188 17.188 0 0 1-17.669 10.719l-55.81-5.58c-21.051 58.261-20.612 122.471 0 179.515l55.811-5.581a17.188 17.188 0 0 1 17.669 10.719l32.408 81.022a17.188 17.188 0 0 1-6.849 20.958l-64.817 40.513a17.19 17.19 0 0 1-21.264-2.422zM247.126 95.473c11.832 20.047 11.832 45.008 0 65.055-3.95 6.693-13.108 7.959-18.718 2.581l-5.975-5.726c-3.911-3.748-4.793-9.622-2.261-14.41a32.063 32.063 0 0 0 0-29.945c-2.533-4.788-1.65-10.662 2.261-14.41l5.975-5.726c5.61-5.378 14.768-4.112 18.718 2.581zm91.787-91.187c60.14 71.604 60.092 175.882 0 247.428-4.474 5.327-12.53 5.746-17.552.933l-5.798-5.557c-4.56-4.371-4.977-11.529-.93-16.379 49.687-59.538 49.646-145.933 0-205.422-4.047-4.85-3.631-12.008.93-16.379l5.798-5.557c5.022-4.813 13.078-4.394 17.552.933zm-45.972 44.941c36.05 46.322 36.108 111.149 0 157.546-4.39 5.641-12.697 6.251-17.856 1.304l-5.818-5.579c-4.4-4.219-4.998-11.095-1.285-15.931 26.536-34.564 26.534-82.572 0-117.134-3.713-4.836-3.115-11.711 1.285-15.931l5.818-5.579c5.159-4.947 13.466-4.337 17.856 1.304z\"><\/path><\/svg>\t\t\t\t\t\t<\/span>\n\t\t\t\t\t\t\t\t\t\t<span class=\"elementor-icon-list-text\"><\/span>\n\t\t\t\t\t\t\t\t\t\t\t<\/a>\n\t\t\t\t\t\t\t\t\t<\/li>\n\t\t\t\t\t\t\t\t<li class=\"elementor-icon-list-item elementor-inline-item\">\n\t\t\t\t\t\t\t\t\t\t\t<a href=\"mailto:info@restmodules.lt\">\n\n\t\t\t\t\t\t\t\t\t\t\t\t<span class=\"elementor-icon-list-icon\">\n\t\t\t\t\t\t\t<svg aria-hidden=\"true\" class=\"e-font-icon-svg e-far-envelope\" viewBox=\"0 0 512 512\" xmlns=\"http:\/\/www.w3.org\/2000\/svg\"><path d=\"M464 64H48C21.49 64 0 85.49 0 112v288c0 26.51 21.49 48 48 48h416c26.51 0 48-21.49 48-48V112c0-26.51-21.49-48-48-48zm0 48v40.805c-22.422 18.259-58.168 46.651-134.587 106.49-16.841 13.247-50.201 45.072-73.413 44.701-23.208.375-56.579-31.459-73.413-44.701C106.18 199.465 70.425 171.067 48 152.805V112h416zM48 400V214.398c22.914 18.251 55.409 43.862 104.938 82.646 21.857 17.205 60.134 55.186 103.062 54.955 42.717.231 80.509-37.199 103.053-54.947 49.528-38.783 82.032-64.401 104.947-82.653V400H48z\"><\/path><\/svg>\t\t\t\t\t\t<\/span>\n\t\t\t\t\t\t\t\t\t\t<span class=\"elementor-icon-list-text\"><\/span>\n\t\t\t\t\t\t\t\t\t\t\t<\/a>\n\t\t\t\t\t\t\t\t\t<\/li>\n\t\t\t\t\t\t<\/ul>\n\t\t\t\t\t\t<\/div>\n\t\t\t\t<\/div>\n\t\t\t\t<div class=\"elementor-element elementor-element-9033306 elementor-button-align-center elementor-widget elementor-widget-form\" data-id=\"9033306\" data-element_type=\"widget\" data-e-type=\"widget\" data-settings=\"{&quot;step_next_label&quot;:&quot;Kitas&quot;,&quot;step_previous_label&quot;:&quot;Praeitas&quot;,&quot;step_type&quot;:&quot;number_text&quot;,&quot;step_icon_shape&quot;:&quot;circle&quot;}\" data-widget_type=\"form.default\">\n\t\t\t\t\t\t\t<form class=\"elementor-form\" method=\"post\" name=\"Kontaktin\u0117 forma\" aria-label=\"Kontaktin\u0117 forma\">\n\t\t\t<input type=\"hidden\" name=\"post_id\" value=\"1571\"\/>\n\t\t\t<input type=\"hidden\" name=\"form_id\" value=\"9033306\"\/>\n\t\t\t<input type=\"hidden\" name=\"referer_title\" value=\"Rest Modules | Moduliniai namai\" \/>\n\n\t\t\t\n\t\t\t<div class=\"elementor-form-fields-wrapper elementor-labels-\">\n\t\t\t\t\t\t\t\t<div class=\"elementor-field-type-text elementor-field-group elementor-column elementor-field-group-name elementor-col-100 elementor-field-required\">\n\t\t\t\t\t\t\t\t\t\t\t\t\t<input size=\"1\" type=\"text\" name=\"form_fields[name]\" id=\"form-field-name\" class=\"elementor-field elementor-size-md  elementor-field-textual\" placeholder=\"Vardas\" required=\"required\">\n\t\t\t\t\t\t\t\t\t\t\t<\/div>\n\t\t\t\t\t\t\t\t<div class=\"elementor-field-type-email elementor-field-group elementor-column elementor-field-group-email elementor-col-100 elementor-field-required\">\n\t\t\t\t\t\t\t\t\t\t\t\t\t<input size=\"1\" type=\"email\" name=\"form_fields[email]\" id=\"form-field-email\" class=\"elementor-field elementor-size-md  elementor-field-textual\" placeholder=\"El. pa\u0161to adresas\" required=\"required\">\n\t\t\t\t\t\t\t\t\t\t\t<\/div>\n\t\t\t\t\t\t\t\t<div class=\"elementor-field-type-tel elementor-field-group elementor-column elementor-field-group-field_99c2ed3 elementor-col-100 elementor-field-required\">\n\t\t\t\t\t\t\t<input size=\"1\" type=\"tel\" name=\"form_fields[field_99c2ed3]\" id=\"form-field-field_99c2ed3\" class=\"elementor-field elementor-size-md  elementor-field-textual\" placeholder=\"Mob. tel. nr.\" required=\"required\" pattern=\"[0-9()#&amp;+*-=.]+\" title=\"Only numbers and phone characters (#, -, *, etc) are accepted.\">\n\n\t\t\t\t\t\t<\/div>\n\t\t\t\t\t\t\t\t<div class=\"elementor-field-type-textarea elementor-field-group elementor-column elementor-field-group-message elementor-col-100 elementor-field-required\">\n\t\t\t\t\t<textarea class=\"elementor-field-textual elementor-field  elementor-size-md\" name=\"form_fields[message]\" id=\"form-field-message\" rows=\"4\" placeholder=\"J\u016bs\u0173 \u017einut\u0117\" required=\"required\"><\/textarea>\t\t\t\t<\/div>\n\t\t\t\t\t\t\t\t<div class=\"elementor-field-type-recaptcha_v3 elementor-field-group elementor-column elementor-field-group-field_0b4e88e elementor-col-100 recaptcha_v3-bottomright\">\n\t\t\t\t\t<div class=\"elementor-field\" id=\"form-field-field_0b4e88e\"><div class=\"elementor-g-recaptcha\" data-sitekey=\"6LclaTErAAAAALvvyUs-O1Wlbo0x9MuM34h_uQr7\" data-type=\"v3\" data-action=\"Form\" data-badge=\"bottomright\" data-size=\"invisible\"><\/div><\/div>\t\t\t\t<\/div>\n\t\t\t\t\t\t\t\t<div class=\"elementor-field-group elementor-column elementor-field-type-submit elementor-col-100 e-form__buttons\">\n\t\t\t\t\t<button class=\"elementor-button elementor-size-md elementor-animation-grow\" type=\"submit\">\n\t\t\t\t\t\t<span class=\"elementor-button-content-wrapper\">\n\t\t\t\t\t\t\t\t\t\t\t\t\t\t\t\t\t\t\t\t\t\t<span class=\"elementor-button-text\">Pateikti u\u017eklaus\u0105<\/span>\n\t\t\t\t\t\t\t\t\t\t\t\t\t<\/span>\n\t\t\t\t\t<\/button>\n\t\t\t\t<\/div>\n\t\t\t<\/div>\n\t\t<\/form>\n\t\t\t\t\t\t<\/div>\n\t\t\t\t<div class=\"elementor-element elementor-element-df4e499 elementor-widget elementor-widget-heading\" data-id=\"df4e499\" data-element_type=\"widget\" data-e-type=\"widget\" data-widget_type=\"heading.default\">\n\t\t\t\t\t<h1 class=\"elementor-heading-title elementor-size-default\">Mus rasite \u010dia:<\/h1>\t\t\t\t<\/div>\n\t\t\t\t<div class=\"elementor-element elementor-element-d26180f elementor-widget elementor-widget-google_maps\" data-id=\"d26180f\" data-element_type=\"widget\" data-e-type=\"widget\" data-widget_type=\"google_maps.default\">\n\t\t\t\t\t\t\t<div class=\"elementor-custom-embed\">\n\t\t\t<iframe\n\t\t\t\t\tdata-src=\"https:\/\/maps.google.com\/maps?q=ateities%20pl.%2040%2C%20Kaunas%2C%2052112&#038;t=m&#038;z=12&#038;output=embed&#038;iwloc=near\"\n\t\t\t\t\ttitle=\"ateities pl. 40, Kaunas, 52112\"\n\t\t\t\t\taria-label=\"ateities pl. 40, Kaunas, 52112\"\n\t\t\t src=\"data:image\/svg+xml;base64,PHN2ZyB3aWR0aD0iMSIgaGVpZ2h0PSIxIiB4bWxucz0iaHR0cDovL3d3dy53My5vcmcvMjAwMC9zdmciPjwvc3ZnPg==\" class=\"lazyload\" data-load-mode=\"1\"><\/iframe>\n\t\t<\/div>\n\t\t\t\t\t\t<\/div>\n\t\t\t\t\t<\/div>\n\t\t\t\t<\/div>\n\t\t<div class=\"elementor-element elementor-element-863bce5 e-con-full e-flex e-con e-parent\" data-id=\"863bce5\" data-element_type=\"container\" data-e-type=\"container\">\n\t\t<div class=\"elementor-element elementor-element-a01e49b e-con-full e-flex e-con e-child\" data-id=\"a01e49b\" data-element_type=\"container\" data-e-type=\"container\" data-settings=\"{&quot;background_background&quot;:&quot;classic&quot;}\">\n\t\t\t\t<div class=\"elementor-element elementor-element-eb0715e elementor-widget elementor-widget-heading\" data-id=\"eb0715e\" data-element_type=\"widget\" data-e-type=\"widget\" data-widget_type=\"heading.default\">\n\t\t\t\t\t<h2 class=\"elementor-heading-title elementor-size-default\">Reikia individualaus sprendimo?<\/h2>\t\t\t\t<\/div>\n\t\t\t\t<div class=\"elementor-element elementor-element-c9765d0 elementor-align-center elementor-widget elementor-widget-button\" data-id=\"c9765d0\" data-element_type=\"widget\" data-e-type=\"widget\" data-widget_type=\"button.default\">\n\t\t\t\t\t\t\t\t\t\t<a class=\"elementor-button elementor-button-link elementor-size-sm elementor-animation-grow\" href=\"https:\/\/restmodules.lt\/kontaktai\/\">\n\t\t\t\t\t\t<span class=\"elementor-button-content-wrapper\">\n\t\t\t\t\t\t\t\t\t<span class=\"elementor-button-text\">Pateikti u\u017eklaus\u0105<\/span>\n\t\t\t\t\t<\/span>\n\t\t\t\t\t<\/a>\n\t\t\t\t\t\t\t\t<\/div>\n\t\t\t\t<\/div>\n\t\t\t\t<\/div>\n\t\t\t\t<\/div>\n\t\t","protected":false},"excerpt":{"rendered":"<p>Kontaktai Susisiekite greitai ir be vargo Mus rasite \u010dia: Reikia individualaus sprendimo? Pateikti u\u017eklaus\u0105<\/p>","protected":false},"author":1,"featured_media":0,"parent":0,"menu_order":0,"comment_status":"closed","ping_status":"closed","template":"","meta":{"footnotes":""},"class_list":["post-1571","page","type-page","status-publish","hentry"],"yoast_head":"<!-- This site is optimized with the Yoast SEO plugin v26.8 - https:\/\/yoast.com\/product\/yoast-seo-wordpress\/ -->\n<title>Kontaktai \u2013 Modulini\u0173 nam\u0173 gamyba ir konsultacijos - RestModules.lt<\/title>\n<meta name=\"description\" content=\"Susisiekite su mumis d\u0117l modulini\u0173 nam\u0173 projekt\u0173 \u2013 konsultacijos, kainos, gamyba ir montavimas visoje Lietuvoje. RestModules.lt \u2013 j\u016bs\u0173...\" \/>\n<meta name=\"robots\" content=\"index, follow, max-snippet:-1, max-image-preview:large, max-video-preview:-1\" \/>\n<link rel=\"canonical\" href=\"https:\/\/restmodules.lt\/en\/kontaktai\/\" \/>\n<meta property=\"og:locale\" content=\"en_US\" \/>\n<meta property=\"og:type\" content=\"article\" \/>\n<meta property=\"og:title\" content=\"Kontaktai \u2013 Modulini\u0173 nam\u0173 gamyba ir konsultacijos - RestModules.lt\" \/>\n<meta property=\"og:description\" content=\"Susisiekite su mumis d\u0117l modulini\u0173 nam\u0173 projekt\u0173 \u2013 konsultacijos, kainos, gamyba ir montavimas visoje Lietuvoje. RestModules.lt \u2013 j\u016bs\u0173...\" \/>\n<meta property=\"og:url\" content=\"https:\/\/restmodules.lt\/en\/kontaktai\/\" \/>\n<meta property=\"og:site_name\" content=\"Rest Modules | Moduliniai namai\" \/>\n<meta property=\"article:modified_time\" content=\"2025-10-08T10:59:00+00:00\" \/>\n<meta name=\"twitter:card\" content=\"summary_large_image\" \/>\n<meta name=\"twitter:label1\" content=\"Est. reading time\" \/>\n\t<meta name=\"twitter:data1\" content=\"1 minute\" \/>\n<script type=\"application\/ld+json\" class=\"yoast-schema-graph\">{\"@context\":\"https:\/\/schema.org\",\"@graph\":[{\"@type\":\"WebPage\",\"@id\":\"https:\/\/restmodules.lt\/kontaktai\/\",\"url\":\"https:\/\/restmodules.lt\/kontaktai\/\",\"name\":\"Kontaktai \u2013 Modulini\u0173 nam\u0173 gamyba ir konsultacijos - RestModules.lt\",\"isPartOf\":{\"@id\":\"https:\/\/restmodules.lt\/#website\"},\"datePublished\":\"2024-11-13T20:41:21+00:00\",\"dateModified\":\"2025-10-08T10:59:00+00:00\",\"description\":\"Susisiekite su mumis d\u0117l modulini\u0173 nam\u0173 projekt\u0173 \u2013 konsultacijos, kainos, gamyba ir montavimas visoje Lietuvoje. RestModules.lt \u2013 j\u016bs\u0173...\",\"breadcrumb\":{\"@id\":\"https:\/\/restmodules.lt\/kontaktai\/#breadcrumb\"},\"inLanguage\":\"en-US\",\"potentialAction\":[{\"@type\":\"ReadAction\",\"target\":[\"https:\/\/restmodules.lt\/kontaktai\/\"]}]},{\"@type\":\"BreadcrumbList\",\"@id\":\"https:\/\/restmodules.lt\/kontaktai\/#breadcrumb\",\"itemListElement\":[{\"@type\":\"ListItem\",\"position\":1,\"name\":\"Pradinis\",\"item\":\"https:\/\/restmodules.lt\/\"},{\"@type\":\"ListItem\",\"position\":2,\"name\":\"Kontaktai\"}]},{\"@type\":\"WebSite\",\"@id\":\"https:\/\/restmodules.lt\/#website\",\"url\":\"https:\/\/restmodules.lt\/\",\"name\":\"Rest Modules | Moduliniai namai\",\"description\":\"Greitas ir unikalus j\u016bs\u0173 svajoni\u0173 namo i\u0161pildymas!\",\"publisher\":{\"@id\":\"https:\/\/restmodules.lt\/#organization\"},\"potentialAction\":[{\"@type\":\"SearchAction\",\"target\":{\"@type\":\"EntryPoint\",\"urlTemplate\":\"https:\/\/restmodules.lt\/?s={search_term_string}\"},\"query-input\":{\"@type\":\"PropertyValueSpecification\",\"valueRequired\":true,\"valueName\":\"search_term_string\"}}],\"inLanguage\":\"en-US\"},{\"@type\":\"Organization\",\"@id\":\"https:\/\/restmodules.lt\/#organization\",\"name\":\"Rest Modules | Moduliniai namai\",\"url\":\"https:\/\/restmodules.lt\/\",\"logo\":{\"@type\":\"ImageObject\",\"inLanguage\":\"en-US\",\"@id\":\"https:\/\/restmodules.lt\/#\/schema\/logo\/image\/\",\"url\":\"https:\/\/restmodules.lt\/wp-content\/uploads\/2024\/11\/RestModules-white.png\",\"contentUrl\":\"https:\/\/restmodules.lt\/wp-content\/uploads\/2024\/11\/RestModules-white.png\",\"width\":600,\"height\":276,\"caption\":\"Rest Modules | Moduliniai namai\"},\"image\":{\"@id\":\"https:\/\/restmodules.lt\/#\/schema\/logo\/image\/\"}}]}<\/script>\n<!-- \/ Yoast SEO plugin. -->","yoast_head_json":{"title":"Kontaktai \u2013 Modulini\u0173 nam\u0173 gamyba ir konsultacijos - RestModules.lt","description":"Susisiekite su mumis d\u0117l modulini\u0173 nam\u0173 projekt\u0173 \u2013 konsultacijos, kainos, gamyba ir montavimas visoje Lietuvoje. RestModules.lt \u2013 j\u016bs\u0173...","robots":{"index":"index","follow":"follow","max-snippet":"max-snippet:-1","max-image-preview":"max-image-preview:large","max-video-preview":"max-video-preview:-1"},"canonical":"https:\/\/restmodules.lt\/en\/kontaktai\/","og_locale":"en_US","og_type":"article","og_title":"Kontaktai \u2013 Modulini\u0173 nam\u0173 gamyba ir konsultacijos - RestModules.lt","og_description":"Susisiekite su mumis d\u0117l modulini\u0173 nam\u0173 projekt\u0173 \u2013 konsultacijos, kainos, gamyba ir montavimas visoje Lietuvoje. RestModules.lt \u2013 j\u016bs\u0173...","og_url":"https:\/\/restmodules.lt\/en\/kontaktai\/","og_site_name":"Rest Modules | Moduliniai namai","article_modified_time":"2025-10-08T10:59:00+00:00","twitter_card":"summary_large_image","twitter_misc":{"Est. reading time":"1 minute"},"schema":{"@context":"https:\/\/schema.org","@graph":[{"@type":"WebPage","@id":"https:\/\/restmodules.lt\/kontaktai\/","url":"https:\/\/restmodules.lt\/kontaktai\/","name":"Kontaktai \u2013 Modulini\u0173 nam\u0173 gamyba ir konsultacijos - RestModules.lt","isPartOf":{"@id":"https:\/\/restmodules.lt\/#website"},"datePublished":"2024-11-13T20:41:21+00:00","dateModified":"2025-10-08T10:59:00+00:00","description":"Susisiekite su mumis d\u0117l modulini\u0173 nam\u0173 projekt\u0173 \u2013 konsultacijos, kainos, gamyba ir montavimas visoje Lietuvoje. RestModules.lt \u2013 j\u016bs\u0173...","breadcrumb":{"@id":"https:\/\/restmodules.lt\/kontaktai\/#breadcrumb"},"inLanguage":"en-US","potentialAction":[{"@type":"ReadAction","target":["https:\/\/restmodules.lt\/kontaktai\/"]}]},{"@type":"BreadcrumbList","@id":"https:\/\/restmodules.lt\/kontaktai\/#breadcrumb","itemListElement":[{"@type":"ListItem","position":1,"name":"Pradinis","item":"https:\/\/restmodules.lt\/"},{"@type":"ListItem","position":2,"name":"Kontaktai"}]},{"@type":"WebSite","@id":"https:\/\/restmodules.lt\/#website","url":"https:\/\/restmodules.lt\/","name":"Rest Modules | Moduliniai namai","description":"Greitas ir unikalus j\u016bs\u0173 svajoni\u0173 namo i\u0161pildymas!","publisher":{"@id":"https:\/\/restmodules.lt\/#organization"},"potentialAction":[{"@type":"SearchAction","target":{"@type":"EntryPoint","urlTemplate":"https:\/\/restmodules.lt\/?s={search_term_string}"},"query-input":{"@type":"PropertyValueSpecification","valueRequired":true,"valueName":"search_term_string"}}],"inLanguage":"en-US"},{"@type":"Organization","@id":"https:\/\/restmodules.lt\/#organization","name":"Rest Modules | Moduliniai namai","url":"https:\/\/restmodules.lt\/","logo":{"@type":"ImageObject","inLanguage":"en-US","@id":"https:\/\/restmodules.lt\/#\/schema\/logo\/image\/","url":"https:\/\/restmodules.lt\/wp-content\/uploads\/2024\/11\/RestModules-white.png","contentUrl":"https:\/\/restmodules.lt\/wp-content\/uploads\/2024\/11\/RestModules-white.png","width":600,"height":276,"caption":"Rest Modules | Moduliniai namai"},"image":{"@id":"https:\/\/restmodules.lt\/#\/schema\/logo\/image\/"}}]}},"_links":{"self":[{"href":"https:\/\/restmodules.lt\/en\/wp-json\/wp\/v2\/pages\/1571","targetHints":{"allow":["GET"]}}],"collection":[{"href":"https:\/\/restmodules.lt\/en\/wp-json\/wp\/v2\/pages"}],"about":[{"href":"https:\/\/restmodules.lt\/en\/wp-json\/wp\/v2\/types\/page"}],"author":[{"embeddable":true,"href":"https:\/\/restmodules.lt\/en\/wp-json\/wp\/v2\/users\/1"}],"replies":[{"embeddable":true,"href":"https:\/\/restmodules.lt\/en\/wp-json\/wp\/v2\/comments?post=1571"}],"version-history":[{"count":112,"href":"https:\/\/restmodules.lt\/en\/wp-json\/wp\/v2\/pages\/1571\/revisions"}],"predecessor-version":[{"id":3569,"href":"https:\/\/restmodules.lt\/en\/wp-json\/wp\/v2\/pages\/1571\/revisions\/3569"}],"wp:attachment":[{"href":"https:\/\/restmodules.lt\/en\/wp-json\/wp\/v2\/media?parent=1571"}],"curies":[{"name":"wp","href":"https:\/\/api.w.org\/{rel}","templated":true}]}}